{"id":1443,"date":"2025-06-27T10:39:40","date_gmt":"2025-06-27T07:39:40","guid":{"rendered":"https:\/\/mongerlab.com\/?page_id=1443"},"modified":"2025-06-27T10:41:57","modified_gmt":"2025-06-27T07:41:57","slug":"ozellikler","status":"publish","type":"page","link":"https:\/\/mongerlab.com\/az\/ozellikler\/","title":{"rendered":"\u00d6zellikler"},"content":{"rendered":"<div data-elementor-type=\"wp-page\" data-elementor-id=\"1443\" class=\"elementor elementor-1443\">\n\t\t\t\t\t\t<section class=\"elementor-section elementor-top-section elementor-element elementor-element-4c3ac70 elementor-section-boxed elementor-section-height-default elementor-section-height-default\" data-id=\"4c3ac70\" data-element_type=\"section\">\n\t\t\t\t\t\t<div class=\"elementor-container elementor-column-gap-default\">\n\t\t\t\t\t<div class=\"aux-parallax-section elementor-column elementor-col-100 elementor-top-column elementor-element elementor-element-000c15d\" data-id=\"000c15d\" data-element_type=\"column\">\n\t\t\t<div class=\"elementor-widget-wrap elementor-element-populated\">\n\t\t\t\t\t\t<div class=\"elementor-element elementor-element-ba139f4 elementor-widget elementor-widget-html\" data-id=\"ba139f4\" data-element_type=\"widget\" data-widget_type=\"html.default\">\n\t\t\t\t<div class=\"elementor-widget-container\">\n\t\t\t<section class=\"features-section\">\n  <div class=\"container\">\n    <div class=\"section-header\">\n      <h2>MongerLab \u00d6zellikler<\/h2>\n      \n    <\/div>\n    <div class=\"features-grid\">\n      \n      <div class=\"feature-card\">\n        <div class=\"card-icon\">\n          <svg xmlns=\"http:\/\/www.w3.org\/2000\/svg\" width=\"24\" height=\"24\" viewbox=\"0 0 24 24\" fill=\"none\" stroke=\"currentColor\" stroke-width=\"2\" stroke-linecap=\"round\" stroke-linejoin=\"round\" class=\"feather feather-search\"><circle cx=\"11\" cy=\"11\" r=\"8\"><\/circle><line x1=\"21\" y1=\"21\" x2=\"16.65\" y2=\"16.65\"><\/line><\/svg>\n        <\/div>\n        <h3>\u00dcr\u00fcn Bulma<\/h3>\n        <p>Sekt\u00f6r\u00fcn en h\u0131zl\u0131 \u00fcr\u00fcn ara\u015ft\u0131rma \u00f6zelli\u011fi sayesinde, arama ve filtre ayarlar\u0131n\u0131za en uygun \u00fcr\u00fcnleri dakikalar i\u00e7inde kolayca bulabilirsiniz. \u00dcstelik bilgisayar\u0131n\u0131z\u0131n a\u00e7\u0131k olmas\u0131na gerek kalmaz.<\/p>\n      <\/div>\n      \n      <div class=\"feature-card\">\n        <div class=\"card-icon\">\n          <svg xmlns=\"http:\/\/www.w3.org\/2000\/svg\" width=\"24\" height=\"24\" viewbox=\"0 0 24 24\" fill=\"none\" stroke=\"currentColor\" stroke-width=\"2\" stroke-linecap=\"round\" stroke-linejoin=\"round\" class=\"feather feather-list\"><line x1=\"8\" y1=\"6\" x2=\"21\" y2=\"6\"><\/line><line x1=\"8\" y1=\"12\" x2=\"21\" y2=\"12\"><\/line><line x1=\"8\" y1=\"18\" x2=\"21\" y2=\"18\"><\/line><line x1=\"3\" y1=\"6\" x2=\"3.01\" y2=\"6\"><\/line><line x1=\"3\" y1=\"12\" x2=\"3.01\" y2=\"12\"><\/line><line x1=\"3\" y1=\"18\" x2=\"3.01\" y2=\"18\"><\/line><\/svg>\n        <\/div>\n        <h3>\u00dcr\u00fcn Listeleme<\/h3>\n        <p>G\u00fc\u00e7l\u00fc yapay zeka deste\u011fi sayesinde, buldu\u011funuz \u00fcr\u00fcnleri i\u015finize en uygun filtreleri kullanarak diledi\u011finiz zaman ma\u011fazan\u0131za kolayca ekleyin.<\/p>\n      <\/div>\n      \n      <div class=\"feature-card\">\n        <div class=\"card-icon\">\n          <svg xmlns=\"http:\/\/www.w3.org\/2000\/svg\" width=\"24\" height=\"24\" viewbox=\"0 0 24 24\" fill=\"none\" stroke=\"currentColor\" stroke-width=\"2\" stroke-linecap=\"round\" stroke-linejoin=\"round\" class=\"feather feather-package\"><line x1=\"16.5\" y1=\"9.4\" x2=\"7.5\" y2=\"4.21\"><\/line><path d=\"M2.5 14.5L12 21l9.5-6.5\"><\/path><path d=\"M12 2v13.5\"><\/path><path d=\"M12 21v-13.5\"><\/path><path d=\"M2.5 9.4L12 4.21l9.5 5.19\"><\/path><\/svg>\n        <\/div>\n        <h3>Envanter Y\u00f6netimi<\/h3>\n        <p>Sekt\u00f6r\u00fcn en kapsaml\u0131 filtre yap\u0131s\u0131 sayesinde envanterinizi g\u00fcncel tutun ve Amazon ile rakiplerinizi e\u015f zamanl\u0131 olarak kontrol edin.<\/p>\n      <\/div>\n\n      <div class=\"feature-card\">\n        <div class=\"card-icon\">\n          <svg xmlns=\"http:\/\/www.w3.org\/2000\/svg\" width=\"24\" height=\"24\" viewbox=\"0 0 24 24\" fill=\"none\" stroke=\"currentColor\" stroke-width=\"2\" stroke-linecap=\"round\" stroke-linejoin=\"round\" class=\"feather feather-dollar-sign\"><line x1=\"12\" y1=\"1\" x2=\"12\" y2=\"23\"><\/line><path d=\"M17 5H9.5a3.5 3.5 0 0 0 0 7h5a3.5 3.5 0 0 1 0 7H6\"><\/path><\/svg>\n        <\/div>\n        <h3>Ak\u0131ll\u0131 Fiyatland\u0131rma<\/h3>\n        <p>Sadece listeledi\u011finiz \u00fcr\u00fcnler paket kredisine dahil edilir, bu sayede gereksiz paket a\u015f\u0131m\u0131 sorunlar\u0131n\u0131 asla ya\u015famazs\u0131n\u0131z. Tamamen \u015feffaf ve adil bir sistem.<\/p>\n      <\/div>\n\n      <div class=\"feature-card\">\n        <div class=\"card-icon\">\n          <svg xmlns=\"http:\/\/www.w3.org\/2000\/svg\" width=\"24\" height=\"24\" viewbox=\"0 0 24 24\" fill=\"none\" stroke=\"currentColor\" stroke-width=\"2\" stroke-linecap=\"round\" stroke-linejoin=\"round\" class=\"feather feather-users\"><path d=\"M17 21v-2a4 4 0 0 0-4-4H5a4 4 0 0 0-4 4v2\"><\/path><circle cx=\"9\" cy=\"7\" r=\"4\"><\/circle><path d=\"M23 21v-2a4 4 0 0 0-3-3.87\"><\/path><path d=\"M16 3.13a4 4 0 0 1 0 7.75\"><\/path><\/svg>\n        <\/div>\n        <h3>\u00c7oklu Hesap Y\u00f6netimi<\/h3>\n        <p>Birden fazla al\u0131c\u0131 ve sat\u0131c\u0131 hesab\u0131n\u0131 tek bir panelden ba\u011flayarak, t\u00fcm hesaplar\u0131n\u0131z\u0131 risk almadan ve kolayca y\u00f6netin.<\/p>\n      <\/div>\n\n      <div class=\"feature-card\">\n        <div class=\"card-icon\">\n          <svg xmlns=\"http:\/\/www.w3.org\/2000\/svg\" width=\"24\" height=\"24\" viewbox=\"0 0 24 24\" fill=\"none\" stroke=\"currentColor\" stroke-width=\"2\" stroke-linecap=\"round\" stroke-linejoin=\"round\" class=\"feather feather-shopping-cart\"><circle cx=\"9\" cy=\"21\" r=\"1\"><\/circle><circle cx=\"20\" cy=\"21\" r=\"1\"><\/circle><path d=\"M1 1h4l2.68 13.39a2 2 0 0 0 2 1.61h9.72a2 2 0 0 0 2-1.61L23 6H6\"><\/path><\/svg>\n        <\/div>\n        <h3>\u00c7oklu Sipari\u015f S\u0131ralama<\/h3>\n        <p>Ard\u0131\u015f\u0131k sipari\u015fleri tek t\u0131kla kuyru\u011fa al\u0131n ve otomatik sipari\u015f y\u00f6netimi ile hi\u00e7bir sipari\u015fi atlamadan kargolar\u0131n\u0131z\u0131 takip edin.<\/p>\n      <\/div>\n\n      <div class=\"feature-card\">\n        <div class=\"card-icon\">\n          <svg xmlns=\"http:\/\/www.w3.org\/2000\/svg\" width=\"24\" height=\"24\" viewbox=\"0 0 24 24\" fill=\"none\" stroke=\"currentColor\" stroke-width=\"2\" stroke-linecap=\"round\" stroke-linejoin=\"round\" class=\"feather feather-message-square\"><path d=\"M21 15a2 2 0 0 1-2 2H7l-4 4V5a2 2 0 0 1 2-2h14a2 2 0 0 1 2 2z\"><\/path><\/svg>\n        <\/div>\n        <h3>\u00d6zelle\u015ftirilebilir FeedbackLab<\/h3>\n        <p>Geli\u015fmi\u015f mail \u015fablonlar\u0131 kullan\u0131n veya kendi \u015fablonunuzu olu\u015fturun. Zamanlay\u0131c\u0131 ile mesajlar\u0131n\u0131z\u0131 istedi\u011finiz ko\u015fullarda ve zamanda g\u00f6nderin.<\/p>\n      <\/div>\n      \n      <div class=\"feature-card\">\n        <div class=\"card-icon\">\n          <svg xmlns=\"http:\/\/www.w3.org\/2000\/svg\" width=\"24\" height=\"24\" viewbox=\"0 0 24 24\" fill=\"none\" stroke=\"currentColor\" stroke-width=\"2\" stroke-linecap=\"round\" stroke-linejoin=\"round\" class=\"feather feather-clock\"><circle cx=\"12\" cy=\"12\" r=\"10\"><\/circle><polyline points=\"12 6 12 12 16 14\"><\/polyline><\/svg>\n        <\/div>\n        <h3>Teslimat Zamanlama<\/h3>\n        <p>FeedbackLab'in bu \u00f6zelli\u011fi ile g\u00f6nderim g\u00fcn\u00fc ve saatini hedef \u00fclkenin yerel saatine g\u00f6re ayarlay\u0131n, b\u00f6ylece tam zaman\u0131nda mesaj g\u00f6nderimi yap\u0131n.<\/p>\n      <\/div>\n\n      <div class=\"feature-card\">\n        <div class=\"card-icon\">\n          <svg xmlns=\"http:\/\/www.w3.org\/2000\/svg\" width=\"24\" height=\"24\" viewbox=\"0 0 24 24\" fill=\"none\" stroke=\"currentColor\" stroke-width=\"2\" stroke-linecap=\"round\" stroke-linejoin=\"round\" class=\"feather feather-archive\"><polyline points=\"21 8 21 21 3 21 3 8\"><\/polyline><rect x=\"1\" y=\"3\" width=\"22\" height=\"5\"><\/rect><line x1=\"10\" y1=\"12\" x2=\"14\" y2=\"12\"><\/line><\/svg>\n        <\/div>\n        <h3>En Uygun Depo Fiyatlar\u0131<\/h3>\n        <p>Piyasadaki en rekabet\u00e7i depolama \u00fccretleriyle maliyetlerinizi minimize edin ve kazanc\u0131n\u0131z\u0131 maksimize edin.<\/p>\n      <\/div>\n\n      <div class=\"feature-card\">\n        <div class=\"card-icon\">\n          <svg xmlns=\"http:\/\/www.w3.org\/2000\/svg\" width=\"24\" height=\"24\" viewbox=\"0 0 24 24\" fill=\"none\" stroke=\"currentColor\" stroke-width=\"2\" stroke-linecap=\"round\" stroke-linejoin=\"round\" class=\"feather feather-box\"><path d=\"M21 16V8a2 2 0 0 0-1-1.73l-7-4a2 2 0 0 0-2 0l-7 4A2 2 0 0 0 3 8v8a2 2 0 0 0 1 1.73l7 4a2 2 0 0 0 2 0l7-4A2 2 0 0 0 21 16z\"><\/path><polyline points=\"3.27 7 12 12.01 20.73 7\"><\/polyline><line x1=\"12\" y1=\"22.08\" x2=\"12\" y2=\"12\"><\/line><\/svg>\n        <\/div>\n        <h3>Deponu Se\u00e7me \u00d6zg\u00fcrl\u00fc\u011f\u00fc<\/h3>\n        <p>Diledi\u011finiz ara depo ile \u00e7al\u0131\u015fabilir, sipari\u015f g\u00f6nderme \u00f6zg\u00fcrl\u00fc\u011f\u00fcn\u00fcn tad\u0131n\u0131 kolayca \u00e7\u0131karabilirsiniz.<\/p>\n      <\/div>\n      \n      <div class=\"feature-card\">\n        <div class=\"card-icon\">\n          <svg xmlns=\"http:\/\/www.w3.org\/2000\/svg\" width=\"24\" height=\"24\" viewbox=\"0 0 24 24\" fill=\"none\" stroke=\"currentColor\" stroke-width=\"2\" stroke-linecap=\"round\" stroke-linejoin=\"round\" class=\"feather feather-shield-off\"><path d=\"M19.988 10.49a12.87 12.87 0 0 0-4.665-2.094l-3.323-1.662a2 2 0 0 0-1.782 0L4.677 8.396A12.87 12.87 0 0 0 1.95 12c.983 2.5 3.1 4.516 5.617 5.765M16.92 20.42a12.87 12.87 0 0 0 3.03-.923L21 12c-.983-2.5-3.1-4.516-5.617-5.765M12 21.75V24m-6.733-.733l-1.414 1.414M18.733 21.733l1.414 1.414\"><\/path><line x1=\"2\" y1=\"2\" x2=\"22\" y2=\"22\"><\/line><\/svg>\n        <\/div>\n        <h3>Ortak Yasakl\u0131 \u00dcr\u00fcn Havuzu<\/h3>\n        <p>Sisteme girilen t\u00fcm ihlalleri tespit ederek hesap sa\u011fl\u0131\u011f\u0131n\u0131za gelebilecek riskleri en aza indirin ve sat\u0131\u015flar\u0131n\u0131z\u0131 s\u00fcrd\u00fcr\u00fclebilir hale getirin.<\/p>\n      <\/div>\n\n      <div class=\"feature-card\">\n        <div class=\"card-icon\">\n          <svg xmlns=\"http:\/\/www.w3.org\/2000\/svg\" width=\"24\" height=\"24\" viewbox=\"0 0 24 24\" fill=\"none\" stroke=\"currentColor\" stroke-width=\"2\" stroke-linecap=\"round\" stroke-linejoin=\"round\" class=\"feather feather-layout\"><rect x=\"3\" y=\"3\" width=\"18\" height=\"18\" rx=\"2\" ry=\"2\"><\/rect><line x1=\"3\" y1=\"9\" x2=\"21\" y2=\"9\"><\/line><line x1=\"9\" y1=\"21\" x2=\"9\" y2=\"9\"><\/line><\/svg>\n        <\/div>\n        <h3>\u00d6zelle\u015ftirilebilir Kontrol Paneli<\/h3>\n        <p>G\u00f6sterge tablolar\u0131n\u0131 ve grafikleri istedi\u011finiz gibi d\u00fczenleyerek sadece g\u00f6rmek istedi\u011finiz verileri kolayca g\u00f6r\u00fcnt\u00fcleyin.<\/p>\n      <\/div>\n\n      <div class=\"feature-card\">\n        <div class=\"card-icon\">\n          <svg xmlns=\"http:\/\/www.w3.org\/2000\/svg\" width=\"24\" height=\"24\" viewbox=\"0 0 24 24\" fill=\"none\" stroke=\"currentColor\" stroke-width=\"2\" stroke-linecap=\"round\" stroke-linejoin=\"round\" class=\"feather feather-check-square\"><polyline points=\"9 11 12 14 22 4\"><\/polyline><path d=\"M21 12v7a2 2 0 0 1-2 2H5a2 2 0 0 1-2-2V5a2 2 0 0 1 2-2h11\"><\/path><\/svg>\n        <\/div>\n        <h3>G\u00fcnl\u00fck Checklist Mod\u00fcl\u00fc<\/h3>\n        <p>G\u00fcnl\u00fck i\u015f ak\u0131\u015f\u0131n\u0131za uygun bir g\u00f6rev listesi olu\u015fturun ve hi\u00e7bir g\u00f6revi atlamadan i\u015flerinizi s\u0131rayla tamamlay\u0131n. Liste her 24 saatte bir yenilenir.<\/p>\n      <\/div>\n      \n      <div class=\"feature-card\">\n        <div class=\"card-icon\">\n          <svg xmlns=\"http:\/\/www.w3.org\/2000\/svg\" width=\"24\" height=\"24\" viewbox=\"0 0 24 24\" fill=\"none\" stroke=\"currentColor\" stroke-width=\"2\" stroke-linecap=\"round\" stroke-linejoin=\"round\" class=\"feather feather-bar-chart-2\"><line x1=\"18\" y1=\"20\" x2=\"18\" y2=\"10\"><\/line><line x1=\"12\" y1=\"20\" x2=\"12\" y2=\"4\"><\/line><line x1=\"6\" y1=\"20\" x2=\"6\" y2=\"14\"><\/line><\/svg>\n        <\/div>\n        <h3>Sat\u0131\u015f Analizi<\/h3>\n        <p>Kategori bazl\u0131 ve genel sat\u0131\u015f raporlar\u0131n\u0131z\u0131 birka\u00e7 t\u0131klamayla g\u00f6r\u00fcnt\u00fcleyerek performans\u0131n\u0131z\u0131 anl\u0131k olarak takip edin.<\/p>\n      <\/div>\n\n      <div class=\"feature-card\">\n        <div class=\"card-icon\">\n          <svg xmlns=\"http:\/\/www.w3.org\/2000\/svg\" width=\"24\" height=\"24\" viewbox=\"0 0 24 24\" fill=\"none\" stroke=\"currentColor\" stroke-width=\"2\" stroke-linecap=\"round\" stroke-linejoin=\"round\" class=\"feather feather-calendar\"><rect x=\"3\" y=\"4\" width=\"18\" height=\"18\" rx=\"2\" ry=\"2\"><\/rect><line x1=\"16\" y1=\"2\" x2=\"16\" y2=\"6\"><\/line><line x1=\"8\" y1=\"2\" x2=\"8\" y2=\"6\"><\/line><line x1=\"3\" y1=\"10\" x2=\"21\" y2=\"10\"><\/line><\/svg>\n        <\/div>\n        <h3>F\u0131rsat G\u00fcnleri Hat\u0131rlat\u0131c\u0131<\/h3>\n        <p>Sat\u0131\u015f yapt\u0131\u011f\u0131n\u0131z \u00fclkedeki \u00f6zel indirim ve tatil g\u00fcnlerini \u00f6nceden hat\u0131rlayarak kampanyalar\u0131n\u0131z\u0131 zaman\u0131nda ba\u015flat\u0131n.<\/p>\n      <\/div>\n\n      <div class=\"feature-card\">\n        <div class=\"card-icon\">\n          <svg xmlns=\"http:\/\/www.w3.org\/2000\/svg\" width=\"24\" height=\"24\" viewbox=\"0 0 24 24\" fill=\"none\" stroke=\"currentColor\" stroke-width=\"2\" stroke-linecap=\"round\" stroke-linejoin=\"round\" class=\"feather feather-check-circle\"><path d=\"M22 11.08V12a10 10 0 1 1-5.93-9.14\"><\/path><polyline points=\"22 4 12 14.01 9 11.01\"><\/polyline><\/svg>\n        <\/div>\n        <h3>Trademark Kontrol\u00fc<\/h3>\n        <p>14 \u00fclkede Trademark kontrol\u00fc yaparak ihlal ve hesap ask\u0131ya al\u0131nma riskini minimuma indirin. Hesap sa\u011fl\u0131\u011f\u0131n\u0131z g\u00fcvende!<\/p>\n      <\/div>\n\n      <div class=\"feature-card\">\n        <div class=\"card-icon\">\n          <svg xmlns=\"http:\/\/www.w3.org\/2000\/svg\" width=\"24\" height=\"24\" viewbox=\"0 0 24 24\" fill=\"none\" stroke=\"currentColor\" stroke-width=\"2\" stroke-linecap=\"round\" stroke-linejoin=\"round\" class=\"feather feather-mail\"><path d=\"M4 4h16c1.1 0 2 .9 2 2v12c0 1.1-.9 2-2 2H4c-1.1 0-2-.9-2-2V6c0-1.1.9-2 2-2z\"><\/path><polyline points=\"22,6 12,13 2,6\"><\/polyline><\/svg>\n        <\/div>\n        <h3>E-Posta Bildirim ve Takip<\/h3>\n        <p>Al\u0131c\u0131 ve sat\u0131c\u0131 hesaplar\u0131n\u0131za gelen t\u00fcm e-postalar\u0131 anl\u0131k olarak takip edin. \u0130ptal, iade veya ihlal bildirimleri an\u0131nda ekran\u0131n\u0131za yans\u0131s\u0131n.<\/p>\n      <\/div>\n\n      <div class=\"feature-card\">\n        <div class=\"card-icon\">\n          <svg xmlns=\"http:\/\/www.w3.org\/2000\/svg\" width=\"24\" height=\"24\" viewbox=\"0 0 24 24\" fill=\"none\" stroke=\"currentColor\" stroke-width=\"2\" stroke-linecap=\"round\" stroke-linejoin=\"round\" class=\"feather feather-truck\"><rect x=\"1\" y=\"3\" width=\"15\" height=\"15\" rx=\"2\" ry=\"2\"><\/rect><path d=\"M16 11H22L19 18H5\"><\/path><circle cx=\"6.5\" cy=\"18.5\" r=\"2.5\"><\/circle><circle cx=\"18.5\" cy=\"18.5\" r=\"2.5\"><\/circle><\/svg>\n        <\/div>\n        <h3>Ara Depolarla \u0130\u015f Birli\u011fi F\u0131rsat\u0131<\/h3>\n        <p>Ara depo kilidini tamamen kald\u0131rarak depolara tam \u00f6zg\u00fcrl\u00fck sunuyoruz. Depolar kendi kargo anla\u015fmalar\u0131yla devam edebilir veya Mongerlab'\u0131n avantajl\u0131 fiyatlar\u0131n\u0131 kullanabilir.<\/p>\n      <\/div>\n      \n    <\/div>\n  <\/div>\n<\/section>\t\t<\/div>\n\t\t\t\t<\/div>\n\t\t\t\t\t<\/div>\n\t\t<\/div>\n\t\t\t\t\t<\/div>\n\t\t<\/section>\n\t\t\t\t<\/div>","protected":false},"excerpt":{"rendered":"<p>MongerLab \u00d6zellikler \u00dcr\u00fcn Bulma Sekt\u00f6r\u00fcn en h\u0131zl\u0131 \u00fcr\u00fcn ara\u015ft\u0131rma \u00f6zelli\u011fi sayesinde, arama ve filtre ayarlar\u0131n\u0131za en uygun \u00fcr\u00fcnleri dakikalar i\u00e7inde kolayca bulabilirsiniz. \u00dcstelik bilgisayar\u0131n\u0131z\u0131n a\u00e7\u0131k olmas\u0131na gerek kalmaz. \u00dcr\u00fcn Listeleme G\u00fc\u00e7l\u00fc yapay zeka deste\u011fi sayesinde, buldu\u011funuz \u00fcr\u00fcnleri i\u015finize en uygun filtreleri kullanarak diledi\u011finiz zaman ma\u011fazan\u0131za kolayca ekleyin. Envanter Y\u00f6netimi Sekt\u00f6r\u00fcn en kapsaml\u0131 filtre yap\u0131s\u0131 sayesinde [&hellip;]<\/p>","protected":false},"author":1,"featured_media":0,"parent":0,"menu_order":0,"comment_status":"closed","ping_status":"closed","template":"","meta":{"footnotes":""},"class_list":["post-1443","page","type-page","status-publish","hentry"],"_links":{"self":[{"href":"https:\/\/mongerlab.com\/az\/wp-json\/wp\/v2\/pages\/1443","targetHints":{"allow":["GET"]}}],"collection":[{"href":"https:\/\/mongerlab.com\/az\/wp-json\/wp\/v2\/pages"}],"about":[{"href":"https:\/\/mongerlab.com\/az\/wp-json\/wp\/v2\/types\/page"}],"author":[{"embeddable":true,"href":"https:\/\/mongerlab.com\/az\/wp-json\/wp\/v2\/users\/1"}],"replies":[{"embeddable":true,"href":"https:\/\/mongerlab.com\/az\/wp-json\/wp\/v2\/comments?post=1443"}],"version-history":[{"count":4,"href":"https:\/\/mongerlab.com\/az\/wp-json\/wp\/v2\/pages\/1443\/revisions"}],"predecessor-version":[{"id":1448,"href":"https:\/\/mongerlab.com\/az\/wp-json\/wp\/v2\/pages\/1443\/revisions\/1448"}],"wp:attachment":[{"href":"https:\/\/mongerlab.com\/az\/wp-json\/wp\/v2\/media?parent=1443"}],"curies":[{"name":"wp","href":"https:\/\/api.w.org\/{rel}","templated":true}]}}