{"id":423,"date":"2025-06-27T09:57:02","date_gmt":"2025-06-27T06:57:02","guid":{"rendered":"https:\/\/test.mongerlab.com\/?page_id=423"},"modified":"2025-06-27T10:26:47","modified_gmt":"2025-06-27T07:26:47","slug":"productlab","status":"publish","type":"page","link":"https:\/\/mongerlab.com\/az\/productlab\/","title":{"rendered":"ProductLab"},"content":{"rendered":"<div data-elementor-type=\"wp-page\" data-elementor-id=\"423\" class=\"elementor elementor-423\">\n\t\t\t\t\t\t<section class=\"elementor-section elementor-top-section elementor-element elementor-element-f556f5e elementor-section-content-middle elementor-section-boxed elementor-section-height-default elementor-section-height-default\" data-id=\"f556f5e\" data-element_type=\"section\">\n\t\t\t\t\t\t<div class=\"elementor-container elementor-column-gap-no\">\n\t\t\t\t\t<div class=\"aux-parallax-section elementor-column elementor-col-50 elementor-top-column elementor-element elementor-element-893ad30\" data-id=\"893ad30\" data-element_type=\"column\">\n\t\t\t<div class=\"elementor-widget-wrap elementor-element-populated\">\n\t\t\t\t\t\t<div class=\"elementor-element elementor-element-6fa76c2 aux-appear-watch-animation aux-fade-in-right elementor-widget elementor-widget-aux_modern_heading\" data-id=\"6fa76c2\" data-element_type=\"widget\" data-widget_type=\"aux_modern_heading.default\">\n\t\t\t\t<div class=\"elementor-widget-container\">\n\t\t\t<section class=\"aux-widget-modern-heading\">\n            <div class=\"aux-widget-inner\"><h2 class=\"aux-modern-heading-primary\"><\/h2><h3 class=\"aux-modern-heading-secondary\"><span class=\"aux-head-before\">Product<\/span><span class=\"aux-head-highlight\">Lab<\/span><\/h3><\/div>\n        <\/section>\t\t<\/div>\n\t\t\t\t<\/div>\n\t\t\t\t<section class=\"elementor-section elementor-inner-section elementor-element elementor-element-45308b6 elementor-section-boxed elementor-section-height-default elementor-section-height-default\" data-id=\"45308b6\" data-element_type=\"section\">\n\t\t\t\t\t\t<div class=\"elementor-container elementor-column-gap-no\">\n\t\t\t\t\t<div class=\"aux-parallax-section elementor-column elementor-col-100 elementor-inner-column elementor-element elementor-element-801b461 aux-appear-watch-animation aux-fade-in-up-1\" data-id=\"801b461\" data-element_type=\"column\">\n\t\t\t<div class=\"elementor-widget-wrap elementor-element-populated\">\n\t\t\t\t\t\t<div class=\"elementor-element elementor-element-af6a737 elementor-widget__width-auto elementor-widget elementor-widget-aux_modern_heading\" data-id=\"af6a737\" data-element_type=\"widget\" data-widget_type=\"aux_modern_heading.default\">\n\t\t\t\t<div class=\"elementor-widget-container\">\n\t\t\t<section class=\"aux-widget-modern-heading\">\n            <div class=\"aux-widget-inner\"><h2 class=\"aux-modern-heading-primary\"><\/h2><div class=\"aux-modern-heading-description\"><p>\u00dcr\u00fcn s\u0131n\u0131r\u0131 olmadan en h\u0131zl\u0131 ve ak\u0131ll\u0131 \u00fcr\u00fcn bulma \u00f6zelli\u011fi sayesinde envanterinizi s\u00fcrekli g\u00fcncel tutabilirsiniz.Sabit stratejiye ba\u011fl\u0131 kalmadan her \u00fcr\u00fcn aramas\u0131 i\u00e7in ayr\u0131 strateji uygulayabilirsiniz.<\/p><p>\u00dcr\u00fcn ara\u015ft\u0131rmas\u0131 yaparken ProfitLab\u2019e girmi\u015f oldu\u011funuz minimum ve maksimum kar aral\u0131\u011f\u0131n\u0131 kontrol ederek rakibinize g\u00f6re inmeniz gereken en uygun karl\u0131l\u0131\u011fa iner. B\u00f6ylece hem rekabette \u00f6ne \u00e7\u0131kars\u0131n\u0131z hem de daha \u00e7ok kazan\u0131rs\u0131n\u0131z.<\/p><p>\u00dcr\u00fcn ara\u015ft\u0131rmas\u0131 yapt\u0131ktan sonra olumlu \u00e7\u0131kan ASIN\u2019leri daha detayl\u0131 filtreleme yaparak <br \/>ma\u011fazan\u0131za en uygun \u00fcr\u00fcnleri tek t\u0131kla ekleyebilirsiniz.<\/p><p>Ara\u015ft\u0131rma yapmak i\u00e7in eklenen ve bunlar\u0131n sonucunda olumlu olarak bulunan hi\u00e7bir ASIN paketinizden d\u00fc\u015fmez. Sadece envanterdeki \u00fcr\u00fcn say\u0131s\u0131 pakete dahil edilir.<\/p><\/div><\/div>\n        <\/section>\t\t<\/div>\n\t\t\t\t<\/div>\n\t\t\t\t\t<\/div>\n\t\t<\/div>\n\t\t\t\t\t<\/div>\n\t\t<\/section>\n\t\t\t\t<div class=\"elementor-element elementor-element-b4fa585 elementor-widget elementor-widget-aux_modern_button\" data-id=\"b4fa585\" data-element_type=\"widget\" data-widget_type=\"aux_modern_button.default\">\n\t\t\t\t<div class=\"elementor-widget-container\">\n\t\t\t    <div class=\"aux-modern-button-wrapper aux-modern-button-align-left\" >\n                    <a class=\"aux-modern-button aux-black aux-modern-button-md aux-modern-button-curve aux-modern-button-default aux-icon-\" href=\"https:\/\/mongerlab.com\/az\/mongerlab-yazilim-mulakat-formu\/\">\n                <div class=\"aux-overlay\"><\/div>\n                                <div class=\"aux-text\">\n<span class=\"aux-text-before\">Hemen Ba\u015fvur<\/span>                <\/div>\n            <\/a>\n            \n    <\/div>\n\n    \t\t<\/div>\n\t\t\t\t<\/div>\n\t\t\t\t\t<\/div>\n\t\t<\/div>\n\t\t\t\t<div class=\"aux-parallax-section elementor-column elementor-col-50 elementor-top-column elementor-element elementor-element-ef74cde\" data-id=\"ef74cde\" data-element_type=\"column\">\n\t\t\t<div class=\"elementor-widget-wrap elementor-element-populated\">\n\t\t\t\t\t\t<div class=\"elementor-element elementor-element-e4f392e aux-appear-watch-animation aux-mask-from-left elementor-widget elementor-widget-aux_image\" data-id=\"e4f392e\" data-element_type=\"widget\" data-widget_type=\"aux_image.default\">\n\t\t\t\t<div class=\"elementor-widget-container\">\n\t\t\t<section class=\"widget-container aux-widget-image aux-alignnone aux-parent-au0bf3af28\">\n    <div class=\"aux-media-hint-frame\">\n        <div class=\"aux-media-image\" >\n        \n            \n\n            \n            <img fetchpriority=\"high\" decoding=\"async\" width=\"1024\" height=\"928\" src=\"https:\/\/mongerlab.com\/wp-content\/uploads\/2025\/06\/PRODUCT-lab-1024x928.png\" class=\"aux-attachment aux-featured-image aux-attachment-id-1416\" alt=\"PRODUCT lab\" srcset=\"https:\/\/mongerlab.com\/wp-content\/uploads\/2025\/06\/PRODUCT-lab-150x150.png 150w,https:\/\/mongerlab.com\/wp-content\/uploads\/2025\/06\/PRODUCT-lab-300x300.png 300w,https:\/\/mongerlab.com\/wp-content\/uploads\/2025\/06\/PRODUCT-lab-768x768.png 768w,https:\/\/mongerlab.com\/wp-content\/uploads\/2025\/06\/PRODUCT-lab-1024x928.png 1024w,https:\/\/mongerlab.com\/wp-content\/uploads\/2025\/06\/PRODUCT-lab-1024x928.png 1024w\" data-ratio=\"1\" data-original-w=\"1052\" sizes=\"(max-width:479px) 480px,(max-width:767px) 768px,(max-width:1023px) 1024px,1024px\" \/>            \n                <\/div>\n    <\/div>\n\n<\/section><!-- widget-container -->\t\t<\/div>\n\t\t\t\t<\/div>\n\t\t\t\t\t<\/div>\n\t\t<\/div>\n\t\t\t\t\t<\/div>\n\t\t<\/section>\n\t\t\t\t<\/div>","protected":false},"excerpt":{"rendered":"<p>ProductLab \u00dcr\u00fcn s\u0131n\u0131r\u0131 olmadan en h\u0131zl\u0131 ve ak\u0131ll\u0131 \u00fcr\u00fcn bulma \u00f6zelli\u011fi sayesinde envanterinizi s\u00fcrekli g\u00fcncel tutabilirsiniz.Sabit stratejiye ba\u011fl\u0131 kalmadan her \u00fcr\u00fcn aramas\u0131 i\u00e7in ayr\u0131 strateji uygulayabilirsiniz. \u00dcr\u00fcn ara\u015ft\u0131rmas\u0131 yaparken ProfitLab\u2019e girmi\u015f oldu\u011funuz minimum ve maksimum kar aral\u0131\u011f\u0131n\u0131 kontrol ederek rakibinize g\u00f6re inmeniz gereken en uygun karl\u0131l\u0131\u011fa iner. B\u00f6ylece hem rekabette \u00f6ne \u00e7\u0131kars\u0131n\u0131z hem de daha [&hellip;]<\/p>","protected":false},"author":1,"featured_media":0,"parent":0,"menu_order":0,"comment_status":"closed","ping_status":"closed","template":"templates\/page-builder-content.php","meta":{"footnotes":""},"class_list":["post-423","page","type-page","status-publish","hentry"],"_links":{"self":[{"href":"https:\/\/mongerlab.com\/az\/wp-json\/wp\/v2\/pages\/423","targetHints":{"allow":["GET"]}}],"collection":[{"href":"https:\/\/mongerlab.com\/az\/wp-json\/wp\/v2\/pages"}],"about":[{"href":"https:\/\/mongerlab.com\/az\/wp-json\/wp\/v2\/types\/page"}],"author":[{"embeddable":true,"href":"https:\/\/mongerlab.com\/az\/wp-json\/wp\/v2\/users\/1"}],"replies":[{"embeddable":true,"href":"https:\/\/mongerlab.com\/az\/wp-json\/wp\/v2\/comments?post=423"}],"version-history":[{"count":101,"href":"https:\/\/mongerlab.com\/az\/wp-json\/wp\/v2\/pages\/423\/revisions"}],"predecessor-version":[{"id":1424,"href":"https:\/\/mongerlab.com\/az\/wp-json\/wp\/v2\/pages\/423\/revisions\/1424"}],"wp:attachment":[{"href":"https:\/\/mongerlab.com\/az\/wp-json\/wp\/v2\/media?parent=423"}],"curies":[{"name":"wp","href":"https:\/\/api.w.org\/{rel}","templated":true}]}}