{"id":849,"date":"2025-06-27T09:57:02","date_gmt":"2025-06-27T06:57:02","guid":{"rendered":"https:\/\/test.mongerlab.com\/?page_id=849"},"modified":"2025-06-27T10:26:37","modified_gmt":"2025-06-27T07:26:37","slug":"profitlab","status":"publish","type":"page","link":"https:\/\/mongerlab.com\/az\/profitlab\/","title":{"rendered":"ProfitLab"},"content":{"rendered":"<div data-elementor-type=\"wp-page\" data-elementor-id=\"849\" class=\"elementor elementor-849\">\n\t\t\t\t\t\t<section class=\"elementor-section elementor-top-section elementor-element elementor-element-6eed7a5 elementor-section-content-middle elementor-section-boxed elementor-section-height-default elementor-section-height-default\" data-id=\"6eed7a5\" data-element_type=\"section\">\n\t\t\t\t\t\t<div class=\"elementor-container elementor-column-gap-no\">\n\t\t\t\t\t<div class=\"aux-parallax-section elementor-column elementor-col-50 elementor-top-column elementor-element elementor-element-91b453b\" data-id=\"91b453b\" data-element_type=\"column\">\n\t\t\t<div class=\"elementor-widget-wrap elementor-element-populated\">\n\t\t\t\t\t\t<div class=\"elementor-element elementor-element-b789169 aux-appear-watch-animation aux-fade-in-right elementor-widget elementor-widget-aux_modern_heading\" data-id=\"b789169\" data-element_type=\"widget\" data-widget_type=\"aux_modern_heading.default\">\n\t\t\t\t<div class=\"elementor-widget-container\">\n\t\t\t<section class=\"aux-widget-modern-heading\">\n            <div class=\"aux-widget-inner\"><h2 class=\"aux-modern-heading-primary\"><\/h2><h3 class=\"aux-modern-heading-secondary\"><span class=\"aux-head-before\">Profit<\/span><span class=\"aux-head-highlight\">Lab<\/span><\/h3><\/div>\n        <\/section>\t\t<\/div>\n\t\t\t\t<\/div>\n\t\t\t\t<section class=\"elementor-section elementor-inner-section elementor-element elementor-element-c9fb17d elementor-section-boxed elementor-section-height-default elementor-section-height-default\" data-id=\"c9fb17d\" data-element_type=\"section\">\n\t\t\t\t\t\t<div class=\"elementor-container elementor-column-gap-no\">\n\t\t\t\t\t<div class=\"aux-parallax-section elementor-column elementor-col-100 elementor-inner-column elementor-element elementor-element-116a8cd aux-appear-watch-animation aux-fade-in-up-1\" data-id=\"116a8cd\" data-element_type=\"column\">\n\t\t\t<div class=\"elementor-widget-wrap elementor-element-populated\">\n\t\t\t\t\t\t<div class=\"elementor-element elementor-element-bcac06c elementor-widget__width-auto elementor-widget elementor-widget-aux_modern_heading\" data-id=\"bcac06c\" data-element_type=\"widget\" data-widget_type=\"aux_modern_heading.default\">\n\t\t\t\t<div class=\"elementor-widget-container\">\n\t\t\t<section class=\"aux-widget-modern-heading\">\n            <div class=\"aux-widget-inner\"><h2 class=\"aux-modern-heading-primary\"><\/h2><div class=\"aux-modern-heading-description\"><p>ProfitLab, \u00fcr\u00fcn maliyetlerini ve rakip analizlerini derinlemesine de\u011ferlendirir.<br \/>Amazon pazar\u0131nda belirledi\u011finiz k\u00e2r aral\u0131\u011f\u0131 do\u011frultusunda, \u00fcr\u00fcnlerinizin fiyat stratejilerini optimize eder.<\/p><p>B\u00f6ylece s\u00fcrd\u00fcr\u00fclebilir bir gelir elde eder, ayn\u0131 zamanda hedeflerinize sa\u011flam ad\u0131mlarla ula\u015fabilirsiniz.<br \/>Fiyatland\u0131rma dinamiklerini s\u00fcrekli analiz eden bu yaz\u0131l\u0131m, belirlenen k\u00e2r aral\u0131\u011f\u0131nda otomatik g\u00fcncellemeler yaparak s\u00fcreci sizin yerinize y\u00f6netir.<\/p><p>Manuel hesaplama veya strateji geli\u015ftirme zahmetini tamamen ortadan kald\u0131r\u0131r.<br \/>Amazon dropshipping s\u00fcre\u00e7lerini daha kolay ve kazan\u00e7l\u0131 hale getirir.<\/p><\/div><\/div>\n        <\/section>\t\t<\/div>\n\t\t\t\t<\/div>\n\t\t\t\t\t<\/div>\n\t\t<\/div>\n\t\t\t\t\t<\/div>\n\t\t<\/section>\n\t\t\t\t<div class=\"elementor-element elementor-element-62b6299 elementor-widget elementor-widget-aux_modern_button\" data-id=\"62b6299\" data-element_type=\"widget\" data-widget_type=\"aux_modern_button.default\">\n\t\t\t\t<div class=\"elementor-widget-container\">\n\t\t\t    <div class=\"aux-modern-button-wrapper aux-modern-button-align-left\" >\n                    <a class=\"aux-modern-button aux-black aux-modern-button-md aux-modern-button-curve aux-modern-button-default aux-icon-\" href=\"https:\/\/mongerlab.com\/az\/mongerlab-yazilim-mulakat-formu\/\">\n                <div class=\"aux-overlay\"><\/div>\n                                <div class=\"aux-text\">\n<span class=\"aux-text-before\">Hemen Ba\u015fvur<\/span>                <\/div>\n            <\/a>\n            \n    <\/div>\n\n    \t\t<\/div>\n\t\t\t\t<\/div>\n\t\t\t\t\t<\/div>\n\t\t<\/div>\n\t\t\t\t<div class=\"aux-parallax-section elementor-column elementor-col-50 elementor-top-column elementor-element elementor-element-644f517\" data-id=\"644f517\" data-element_type=\"column\">\n\t\t\t<div class=\"elementor-widget-wrap elementor-element-populated\">\n\t\t\t\t\t\t<div class=\"elementor-element elementor-element-598d79a aux-appear-watch-animation aux-mask-from-left elementor-widget elementor-widget-aux_image\" data-id=\"598d79a\" data-element_type=\"widget\" data-widget_type=\"aux_image.default\">\n\t\t\t\t<div class=\"elementor-widget-container\">\n\t\t\t<section class=\"widget-container aux-widget-image aux-alignnone aux-parent-au605cc9b8\">\n    <div class=\"aux-media-hint-frame\">\n        <div class=\"aux-media-image\" >\n        \n            \n\n            \n            <img fetchpriority=\"high\" decoding=\"async\" width=\"1024\" height=\"928\" src=\"https:\/\/mongerlab.com\/wp-content\/uploads\/2025\/06\/profit-lab-1024x928.png\" class=\"aux-attachment aux-featured-image aux-attachment-id-1417\" alt=\"profit lab\" srcset=\"https:\/\/mongerlab.com\/wp-content\/uploads\/2025\/06\/profit-lab-150x150.png 150w,https:\/\/mongerlab.com\/wp-content\/uploads\/2025\/06\/profit-lab-300x300.png 300w,https:\/\/mongerlab.com\/wp-content\/uploads\/2025\/06\/profit-lab-768x768.png 768w,https:\/\/mongerlab.com\/wp-content\/uploads\/2025\/06\/profit-lab-1024x928.png 1024w,https:\/\/mongerlab.com\/wp-content\/uploads\/2025\/06\/profit-lab-1024x928.png 1024w\" data-ratio=\"1\" data-original-w=\"1052\" sizes=\"(max-width:479px) 480px,(max-width:767px) 768px,(max-width:1023px) 1024px,1024px\" \/>            \n                <\/div>\n    <\/div>\n\n<\/section><!-- widget-container -->\t\t<\/div>\n\t\t\t\t<\/div>\n\t\t\t\t\t<\/div>\n\t\t<\/div>\n\t\t\t\t\t<\/div>\n\t\t<\/section>\n\t\t\t\t<\/div>","protected":false},"excerpt":{"rendered":"<p>ProfitLab ProfitLab, \u00fcr\u00fcn maliyetlerini ve rakip analizlerini derinlemesine de\u011ferlendirir.Amazon pazar\u0131nda belirledi\u011finiz k\u00e2r aral\u0131\u011f\u0131 do\u011frultusunda, \u00fcr\u00fcnlerinizin fiyat stratejilerini optimize eder. B\u00f6ylece s\u00fcrd\u00fcr\u00fclebilir bir gelir elde eder, ayn\u0131 zamanda hedeflerinize sa\u011flam ad\u0131mlarla ula\u015fabilirsiniz.Fiyatland\u0131rma dinamiklerini s\u00fcrekli analiz eden bu yaz\u0131l\u0131m, belirlenen k\u00e2r aral\u0131\u011f\u0131nda otomatik g\u00fcncellemeler yaparak s\u00fcreci sizin yerinize y\u00f6netir. Manuel hesaplama veya strateji geli\u015ftirme zahmetini tamamen ortadan [&hellip;]<\/p>","protected":false},"author":1,"featured_media":0,"parent":0,"menu_order":0,"comment_status":"closed","ping_status":"closed","template":"templates\/page-builder-content.php","meta":{"footnotes":""},"class_list":["post-849","page","type-page","status-publish","hentry"],"_links":{"self":[{"href":"https:\/\/mongerlab.com\/az\/wp-json\/wp\/v2\/pages\/849","targetHints":{"allow":["GET"]}}],"collection":[{"href":"https:\/\/mongerlab.com\/az\/wp-json\/wp\/v2\/pages"}],"about":[{"href":"https:\/\/mongerlab.com\/az\/wp-json\/wp\/v2\/types\/page"}],"author":[{"embeddable":true,"href":"https:\/\/mongerlab.com\/az\/wp-json\/wp\/v2\/users\/1"}],"replies":[{"embeddable":true,"href":"https:\/\/mongerlab.com\/az\/wp-json\/wp\/v2\/comments?post=849"}],"version-history":[{"count":30,"href":"https:\/\/mongerlab.com\/az\/wp-json\/wp\/v2\/pages\/849\/revisions"}],"predecessor-version":[{"id":1421,"href":"https:\/\/mongerlab.com\/az\/wp-json\/wp\/v2\/pages\/849\/revisions\/1421"}],"wp:attachment":[{"href":"https:\/\/mongerlab.com\/az\/wp-json\/wp\/v2\/media?parent=849"}],"curies":[{"name":"wp","href":"https:\/\/api.w.org\/{rel}","templated":true}]}}