{"id":950,"date":"2025-06-27T09:57:02","date_gmt":"2025-06-27T06:57:02","guid":{"rendered":"https:\/\/test.mongerlab.com\/?page_id=950"},"modified":"2025-06-27T10:27:15","modified_gmt":"2025-06-27T07:27:15","slug":"feedbacklab","status":"publish","type":"page","link":"https:\/\/mongerlab.com\/az\/feedbacklab\/","title":{"rendered":"FeedbackLab"},"content":{"rendered":"<div data-elementor-type=\"wp-page\" data-elementor-id=\"950\" class=\"elementor elementor-950\">\n\t\t\t\t\t\t<section class=\"elementor-section elementor-top-section elementor-element elementor-element-fbd6eba elementor-section-content-middle elementor-section-boxed elementor-section-height-default elementor-section-height-default\" data-id=\"fbd6eba\" data-element_type=\"section\">\n\t\t\t\t\t\t<div class=\"elementor-container elementor-column-gap-no\">\n\t\t\t\t\t<div class=\"aux-parallax-section elementor-column elementor-col-50 elementor-top-column elementor-element elementor-element-4f3e7f2\" data-id=\"4f3e7f2\" data-element_type=\"column\">\n\t\t\t<div class=\"elementor-widget-wrap elementor-element-populated\">\n\t\t\t\t\t\t<div class=\"elementor-element elementor-element-9f8ac45 aux-appear-watch-animation aux-fade-in-right elementor-widget elementor-widget-aux_modern_heading\" data-id=\"9f8ac45\" data-element_type=\"widget\" data-widget_type=\"aux_modern_heading.default\">\n\t\t\t\t<div class=\"elementor-widget-container\">\n\t\t\t<section class=\"aux-widget-modern-heading\">\n            <div class=\"aux-widget-inner\"><h2 class=\"aux-modern-heading-primary\"><\/h2><h3 class=\"aux-modern-heading-secondary\"><span class=\"aux-head-before\">Feedback<\/span><span class=\"aux-head-highlight\">Lab<\/span><\/h3><\/div>\n        <\/section>\t\t<\/div>\n\t\t\t\t<\/div>\n\t\t\t\t<section class=\"elementor-section elementor-inner-section elementor-element elementor-element-a213fee elementor-section-boxed elementor-section-height-default elementor-section-height-default\" data-id=\"a213fee\" data-element_type=\"section\">\n\t\t\t\t\t\t<div class=\"elementor-container elementor-column-gap-no\">\n\t\t\t\t\t<div class=\"aux-parallax-section elementor-column elementor-col-100 elementor-inner-column elementor-element elementor-element-a4d9a93 aux-appear-watch-animation aux-fade-in-up-1\" data-id=\"a4d9a93\" data-element_type=\"column\">\n\t\t\t<div class=\"elementor-widget-wrap elementor-element-populated\">\n\t\t\t\t\t\t<div class=\"elementor-element elementor-element-e79be7c elementor-widget__width-auto elementor-widget elementor-widget-aux_modern_heading\" data-id=\"e79be7c\" data-element_type=\"widget\" data-widget_type=\"aux_modern_heading.default\">\n\t\t\t\t<div class=\"elementor-widget-container\">\n\t\t\t<section class=\"aux-widget-modern-heading\">\n            <div class=\"aux-widget-inner\"><h2 class=\"aux-modern-heading-primary\"><\/h2><div class=\"aux-modern-heading-description\"><p>FeedbackLab, m\u00fc\u015fterilerinizden otomatik olarak geri bildirim talep ederek sat\u0131\u015f sonras\u0131 s\u00fcrecinizi profesyonelle\u015ftirir.<br \/>Yapay zeka destekli yap\u0131s\u0131yla geri bildirim s\u00fcrecini sizin ad\u0131n\u0131za y\u00f6netir ve ma\u011fazan\u0131z\u0131n performans\u0131n\u0131 geli\u015ftirmenize yard\u0131mc\u0131 olur.<\/p><p>Ayr\u0131ca olumlu geri bildirimlerin Amazon\u2019daki s\u0131ralaman\u0131za ve g\u00f6r\u00fcn\u00fcrl\u00fc\u011f\u00fcn\u00fcze olan katk\u0131s\u0131n\u0131 en \u00fcst d\u00fczeye \u00e7\u0131kar\u0131r.<\/p><p>Tam otomatik \u00e7al\u0131\u015fan FeedbackLab, zaman ve enerji tasarrufu sa\u011flar.<br \/>Sadece mevcut m\u00fc\u015fterileri memnun etmekle kalmaz, yeni m\u00fc\u015fteri kazan\u0131m\u0131nda da b\u00fcy\u00fck rol oynar.<\/p><p>Sat\u0131\u015f sonras\u0131 s\u00fcre\u00e7leri profesyonelle\u015ftirmek isteyen herkes i\u00e7in ideal bir \u00e7\u00f6z\u00fcmd\u00fcr.<\/p><\/div><\/div>\n        <\/section>\t\t<\/div>\n\t\t\t\t<\/div>\n\t\t\t\t\t<\/div>\n\t\t<\/div>\n\t\t\t\t\t<\/div>\n\t\t<\/section>\n\t\t\t\t<div class=\"elementor-element elementor-element-8b41379 elementor-widget elementor-widget-aux_modern_button\" data-id=\"8b41379\" data-element_type=\"widget\" data-widget_type=\"aux_modern_button.default\">\n\t\t\t\t<div class=\"elementor-widget-container\">\n\t\t\t    <div class=\"aux-modern-button-wrapper aux-modern-button-align-left\" >\n                    <a class=\"aux-modern-button aux-black aux-modern-button-md aux-modern-button-curve aux-modern-button-default aux-icon-\" href=\"https:\/\/mongerlab.com\/az\/mongerlab-yazilim-mulakat-formu\/\">\n                <div class=\"aux-overlay\"><\/div>\n                                <div class=\"aux-text\">\n<span class=\"aux-text-before\">Hemen Ba\u015fvur<\/span>                <\/div>\n            <\/a>\n            \n    <\/div>\n\n    \t\t<\/div>\n\t\t\t\t<\/div>\n\t\t\t\t\t<\/div>\n\t\t<\/div>\n\t\t\t\t<div class=\"aux-parallax-section elementor-column elementor-col-50 elementor-top-column elementor-element elementor-element-6b49ac0\" data-id=\"6b49ac0\" data-element_type=\"column\">\n\t\t\t<div class=\"elementor-widget-wrap elementor-element-populated\">\n\t\t\t\t\t\t<div class=\"elementor-element elementor-element-68b4c96 aux-appear-watch-animation aux-mask-from-left elementor-widget elementor-widget-aux_image\" data-id=\"68b4c96\" data-element_type=\"widget\" data-widget_type=\"aux_image.default\">\n\t\t\t\t<div class=\"elementor-widget-container\">\n\t\t\t<section class=\"widget-container aux-widget-image aux-alignnone aux-parent-au62ee3af5\">\n    <div class=\"aux-media-hint-frame\">\n        <div class=\"aux-media-image\" >\n        \n            \n\n            \n            <img fetchpriority=\"high\" decoding=\"async\" width=\"1024\" height=\"928\" src=\"https:\/\/mongerlab.com\/wp-content\/uploads\/2025\/06\/feedback-lab-1024x928.png\" class=\"aux-attachment aux-featured-image aux-attachment-id-1413\" alt=\"feedback lab\" srcset=\"https:\/\/mongerlab.com\/wp-content\/uploads\/2025\/06\/feedback-lab-150x150.png 150w,https:\/\/mongerlab.com\/wp-content\/uploads\/2025\/06\/feedback-lab-300x300.png 300w,https:\/\/mongerlab.com\/wp-content\/uploads\/2025\/06\/feedback-lab-768x768.png 768w,https:\/\/mongerlab.com\/wp-content\/uploads\/2025\/06\/feedback-lab-1024x928.png 1024w,https:\/\/mongerlab.com\/wp-content\/uploads\/2025\/06\/feedback-lab-1024x928.png 1024w\" data-ratio=\"1\" data-original-w=\"1052\" sizes=\"(max-width:479px) 480px,(max-width:767px) 768px,(max-width:1023px) 1024px,1024px\" \/>            \n                <\/div>\n    <\/div>\n\n<\/section><!-- widget-container -->\t\t<\/div>\n\t\t\t\t<\/div>\n\t\t\t\t\t<\/div>\n\t\t<\/div>\n\t\t\t\t\t<\/div>\n\t\t<\/section>\n\t\t\t\t<\/div>","protected":false},"excerpt":{"rendered":"<p>FeedbackLab FeedbackLab, m\u00fc\u015fterilerinizden otomatik olarak geri bildirim talep ederek sat\u0131\u015f sonras\u0131 s\u00fcrecinizi profesyonelle\u015ftirir.Yapay zeka destekli yap\u0131s\u0131yla geri bildirim s\u00fcrecini sizin ad\u0131n\u0131za y\u00f6netir ve ma\u011fazan\u0131z\u0131n performans\u0131n\u0131 geli\u015ftirmenize yard\u0131mc\u0131 olur. Ayr\u0131ca olumlu geri bildirimlerin Amazon\u2019daki s\u0131ralaman\u0131za ve g\u00f6r\u00fcn\u00fcrl\u00fc\u011f\u00fcn\u00fcze olan katk\u0131s\u0131n\u0131 en \u00fcst d\u00fczeye \u00e7\u0131kar\u0131r. Tam otomatik \u00e7al\u0131\u015fan FeedbackLab, zaman ve enerji tasarrufu sa\u011flar.Sadece mevcut m\u00fc\u015fterileri memnun etmekle [&hellip;]<\/p>","protected":false},"author":1,"featured_media":0,"parent":0,"menu_order":0,"comment_status":"closed","ping_status":"closed","template":"templates\/page-builder-content.php","meta":{"footnotes":""},"class_list":["post-950","page","type-page","status-publish","hentry"],"_links":{"self":[{"href":"https:\/\/mongerlab.com\/az\/wp-json\/wp\/v2\/pages\/950","targetHints":{"allow":["GET"]}}],"collection":[{"href":"https:\/\/mongerlab.com\/az\/wp-json\/wp\/v2\/pages"}],"about":[{"href":"https:\/\/mongerlab.com\/az\/wp-json\/wp\/v2\/types\/page"}],"author":[{"embeddable":true,"href":"https:\/\/mongerlab.com\/az\/wp-json\/wp\/v2\/users\/1"}],"replies":[{"embeddable":true,"href":"https:\/\/mongerlab.com\/az\/wp-json\/wp\/v2\/comments?post=950"}],"version-history":[{"count":35,"href":"https:\/\/mongerlab.com\/az\/wp-json\/wp\/v2\/pages\/950\/revisions"}],"predecessor-version":[{"id":1433,"href":"https:\/\/mongerlab.com\/az\/wp-json\/wp\/v2\/pages\/950\/revisions\/1433"}],"wp:attachment":[{"href":"https:\/\/mongerlab.com\/az\/wp-json\/wp\/v2\/media?parent=950"}],"curies":[{"name":"wp","href":"https:\/\/api.w.org\/{rel}","templated":true}]}}