{"id":974,"date":"2025-06-27T09:57:02","date_gmt":"2025-06-27T06:57:02","guid":{"rendered":"https:\/\/test.mongerlab.com\/?page_id=974"},"modified":"2025-06-27T10:27:23","modified_gmt":"2025-06-27T07:27:23","slug":"safelab","status":"publish","type":"page","link":"https:\/\/mongerlab.com\/az\/safelab\/","title":{"rendered":"SafeLab"},"content":{"rendered":"<div data-elementor-type=\"wp-page\" data-elementor-id=\"974\" class=\"elementor elementor-974\">\n\t\t\t\t\t\t<section class=\"elementor-section elementor-top-section elementor-element elementor-element-6c86be4 elementor-section-content-middle elementor-section-boxed elementor-section-height-default elementor-section-height-default\" data-id=\"6c86be4\" data-element_type=\"section\">\n\t\t\t\t\t\t<div class=\"elementor-container elementor-column-gap-no\">\n\t\t\t\t\t<div class=\"aux-parallax-section elementor-column elementor-col-50 elementor-top-column elementor-element elementor-element-49dbc85\" data-id=\"49dbc85\" data-element_type=\"column\">\n\t\t\t<div class=\"elementor-widget-wrap elementor-element-populated\">\n\t\t\t\t\t\t<div class=\"elementor-element elementor-element-2709c60 aux-appear-watch-animation aux-fade-in-right elementor-widget elementor-widget-aux_modern_heading\" data-id=\"2709c60\" data-element_type=\"widget\" data-widget_type=\"aux_modern_heading.default\">\n\t\t\t\t<div class=\"elementor-widget-container\">\n\t\t\t<section class=\"aux-widget-modern-heading\">\n            <div class=\"aux-widget-inner\"><h2 class=\"aux-modern-heading-primary\"><\/h2><h3 class=\"aux-modern-heading-secondary\"><span class=\"aux-head-before\">Safe<\/span><span class=\"aux-head-highlight\">Lab<\/span><\/h3><\/div>\n        <\/section>\t\t<\/div>\n\t\t\t\t<\/div>\n\t\t\t\t<section class=\"elementor-section elementor-inner-section elementor-element elementor-element-f8324b2 elementor-section-boxed elementor-section-height-default elementor-section-height-default\" data-id=\"f8324b2\" data-element_type=\"section\">\n\t\t\t\t\t\t<div class=\"elementor-container elementor-column-gap-no\">\n\t\t\t\t\t<div class=\"aux-parallax-section elementor-column elementor-col-100 elementor-inner-column elementor-element elementor-element-20a9d9f aux-appear-watch-animation aux-fade-in-up-1\" data-id=\"20a9d9f\" data-element_type=\"column\">\n\t\t\t<div class=\"elementor-widget-wrap elementor-element-populated\">\n\t\t\t\t\t\t<div class=\"elementor-element elementor-element-5957a90 elementor-widget__width-auto elementor-widget elementor-widget-aux_modern_heading\" data-id=\"5957a90\" data-element_type=\"widget\" data-widget_type=\"aux_modern_heading.default\">\n\t\t\t\t<div class=\"elementor-widget-container\">\n\t\t\t<section class=\"aux-widget-modern-heading\">\n            <div class=\"aux-widget-inner\"><h2 class=\"aux-modern-heading-primary\"><\/h2><div class=\"aux-modern-heading-description\"><p><span style=\"font-weight: 400\">SafeLab, arka arkaya gelen \u201cBuy and Cancelled\u201d (sipari\u015f ver\/iptal et) i\u015flemlerini analiz eder ve bu t\u00fcr \u015f\u00fcpheli etkinliklerde bulunan \u00fcr\u00fcnleri otomatik olarak tespit eder. Gerekli \u00f6nlemleri h\u0131zla al\u0131r.<\/span><\/p><p><span style=\"font-weight: 400\">Ayr\u0131ca, stokta olmayan (out of stock) ve marka onay\u0131 isteyen (approval request) \u00fcr\u00fcnler haricindeki inaktif \u00fcr\u00fcnleri g\u00fcnl\u00fck olarak belirler ve sistemden siler.<br \/><br \/><\/span><span style=\"font-weight: 400\">Bu i\u015flem, \u00fcr\u00fcn listenizi g\u00fcncel ve d\u00fczenli tutarak Amazon algoritmalar\u0131nda ma\u011fazan\u0131z\u0131n performans\u0131n\u0131 korur.<\/span><\/p><p><span style=\"font-weight: 400\">SafeLab, manuel m\u00fcdahaleye gerek kalmadan arka planda d\u00fczenli \u00e7al\u0131\u015farak ma\u011fazan\u0131za y\u00f6nelik risk fakt\u00f6rlerini en aza indirir.<\/span><\/p><\/div><\/div>\n        <\/section>\t\t<\/div>\n\t\t\t\t<\/div>\n\t\t\t\t\t<\/div>\n\t\t<\/div>\n\t\t\t\t\t<\/div>\n\t\t<\/section>\n\t\t\t\t<div class=\"elementor-element elementor-element-2a4bd0a elementor-widget elementor-widget-aux_modern_button\" data-id=\"2a4bd0a\" data-element_type=\"widget\" data-widget_type=\"aux_modern_button.default\">\n\t\t\t\t<div class=\"elementor-widget-container\">\n\t\t\t    <div class=\"aux-modern-button-wrapper aux-modern-button-align-left\" >\n                    <a class=\"aux-modern-button aux-black aux-modern-button-md aux-modern-button-curve aux-modern-button-default aux-icon-\" href=\"https:\/\/mongerlab.com\/az\/mongerlab-yazilim-mulakat-formu\/\">\n                <div class=\"aux-overlay\"><\/div>\n                                <div class=\"aux-text\">\n<span class=\"aux-text-before\">Hemen Ba\u015fvur<\/span>                <\/div>\n            <\/a>\n            \n    <\/div>\n\n    \t\t<\/div>\n\t\t\t\t<\/div>\n\t\t\t\t\t<\/div>\n\t\t<\/div>\n\t\t\t\t<div class=\"aux-parallax-section elementor-column elementor-col-50 elementor-top-column elementor-element elementor-element-f262b90\" data-id=\"f262b90\" data-element_type=\"column\">\n\t\t\t<div class=\"elementor-widget-wrap elementor-element-populated\">\n\t\t\t\t\t\t<div class=\"elementor-element elementor-element-2119711 aux-appear-watch-animation aux-mask-from-left elementor-widget elementor-widget-aux_image\" data-id=\"2119711\" data-element_type=\"widget\" data-widget_type=\"aux_image.default\">\n\t\t\t\t<div class=\"elementor-widget-container\">\n\t\t\t<section class=\"widget-container aux-widget-image aux-alignnone aux-parent-au45d55c86\">\n    <div class=\"aux-media-hint-frame\">\n        <div class=\"aux-media-image\" >\n        \n            \n\n            \n            <img fetchpriority=\"high\" decoding=\"async\" width=\"1024\" height=\"928\" src=\"https:\/\/mongerlab.com\/wp-content\/uploads\/2025\/06\/safe-lab-1024x928.png\" class=\"aux-attachment aux-featured-image aux-attachment-id-1418\" alt=\"safe lab\" srcset=\"https:\/\/mongerlab.com\/wp-content\/uploads\/2025\/06\/safe-lab-150x150.png 150w,https:\/\/mongerlab.com\/wp-content\/uploads\/2025\/06\/safe-lab-300x300.png 300w,https:\/\/mongerlab.com\/wp-content\/uploads\/2025\/06\/safe-lab-768x768.png 768w,https:\/\/mongerlab.com\/wp-content\/uploads\/2025\/06\/safe-lab-1024x928.png 1024w,https:\/\/mongerlab.com\/wp-content\/uploads\/2025\/06\/safe-lab-1024x928.png 1024w\" data-ratio=\"1\" data-original-w=\"1052\" sizes=\"(max-width:479px) 480px,(max-width:767px) 768px,(max-width:1023px) 1024px,1024px\" \/>            \n                <\/div>\n    <\/div>\n\n<\/section><!-- widget-container -->\t\t<\/div>\n\t\t\t\t<\/div>\n\t\t\t\t\t<\/div>\n\t\t<\/div>\n\t\t\t\t\t<\/div>\n\t\t<\/section>\n\t\t\t\t<\/div>","protected":false},"excerpt":{"rendered":"<p>SafeLab SafeLab, arka arkaya gelen \u201cBuy and Cancelled\u201d (sipari\u015f ver\/iptal et) i\u015flemlerini analiz eder ve bu t\u00fcr \u015f\u00fcpheli etkinliklerde bulunan \u00fcr\u00fcnleri otomatik olarak tespit eder. Gerekli \u00f6nlemleri h\u0131zla al\u0131r. Ayr\u0131ca, stokta olmayan (out of stock) ve marka onay\u0131 isteyen (approval request) \u00fcr\u00fcnler haricindeki inaktif \u00fcr\u00fcnleri g\u00fcnl\u00fck olarak belirler ve sistemden siler. Bu i\u015flem, \u00fcr\u00fcn listenizi [&hellip;]<\/p>","protected":false},"author":1,"featured_media":0,"parent":0,"menu_order":0,"comment_status":"closed","ping_status":"closed","template":"templates\/page-builder-content.php","meta":{"footnotes":""},"class_list":["post-974","page","type-page","status-publish","hentry"],"_links":{"self":[{"href":"https:\/\/mongerlab.com\/az\/wp-json\/wp\/v2\/pages\/974","targetHints":{"allow":["GET"]}}],"collection":[{"href":"https:\/\/mongerlab.com\/az\/wp-json\/wp\/v2\/pages"}],"about":[{"href":"https:\/\/mongerlab.com\/az\/wp-json\/wp\/v2\/types\/page"}],"author":[{"embeddable":true,"href":"https:\/\/mongerlab.com\/az\/wp-json\/wp\/v2\/users\/1"}],"replies":[{"embeddable":true,"href":"https:\/\/mongerlab.com\/az\/wp-json\/wp\/v2\/comments?post=974"}],"version-history":[{"count":26,"href":"https:\/\/mongerlab.com\/az\/wp-json\/wp\/v2\/pages\/974\/revisions"}],"predecessor-version":[{"id":1436,"href":"https:\/\/mongerlab.com\/az\/wp-json\/wp\/v2\/pages\/974\/revisions\/1436"}],"wp:attachment":[{"href":"https:\/\/mongerlab.com\/az\/wp-json\/wp\/v2\/media?parent=974"}],"curies":[{"name":"wp","href":"https:\/\/api.w.org\/{rel}","templated":true}]}}