{"id":1323,"date":"2025-04-14T19:49:19","date_gmt":"2025-04-14T16:49:19","guid":{"rendered":"https:\/\/mongerlab.com\/?page_id=1323"},"modified":"2025-04-14T19:50:04","modified_gmt":"2025-04-14T16:50:04","slug":"mongerlab-cerez-politikasi","status":"publish","type":"page","link":"https:\/\/mongerlab.com\/en\/mongerlab-cerez-politikasi\/","title":{"rendered":"Mongerlab Cookie Policy"},"content":{"rendered":"<div data-elementor-type=\"wp-page\" data-elementor-id=\"1323\" class=\"elementor elementor-1323\">\n\t\t\t\t\t\t<section class=\"elementor-section elementor-top-section elementor-element elementor-element-6a5173d elementor-section-boxed elementor-section-height-default elementor-section-height-default\" data-id=\"6a5173d\" data-element_type=\"section\">\n\t\t\t\t\t\t<div class=\"elementor-container elementor-column-gap-default\">\n\t\t\t\t\t<div class=\"aux-parallax-section elementor-column elementor-col-100 elementor-top-column elementor-element elementor-element-f8fe3d2\" data-id=\"f8fe3d2\" data-element_type=\"column\">\n\t\t\t<div class=\"elementor-widget-wrap elementor-element-populated\">\n\t\t\t\t\t\t<div class=\"elementor-element elementor-element-4bf526b elementor-widget elementor-widget-text-editor\" data-id=\"4bf526b\" data-element_type=\"widget\" data-widget_type=\"text-editor.default\">\n\t\t\t\t<div class=\"elementor-widget-container\">\n\t\t\t\t\t\t\t<p><strong>\u00c7erez Politikas\u0131<\/strong><\/p><p><strong>\u00c7erez Politikas\u0131<\/strong><\/p><p>Bu \u00c7erez Politikas\u0131;<strong> MONGERLAB LLC.<\/strong> (bundan b\u00f6yle &#8220;<strong>MONGERLAB<\/strong>\u201d olarak an\u0131lacakt\u0131r)ad\u0131na y\u00fcr\u00fct\u00fclen t\u00fcm internet siteleri, \u00fc\u00e7\u00fcnc\u00fc parti platformlardaki markal\u0131 internet siteleri (Google, Facebook vb.) ve bu internet siteleri veya \u00fc\u00e7\u00fcnc\u00fc parti programlar \u00fczerinden eri\u015filen veya kullan\u0131lan uygulamalar i\u00e7in ge\u00e7erlidir.<\/p><p>\u015eirket\u2019in sitelerini kullanarak \u00e7erezlerin bu \u00c7erez Politikas\u0131 ile uyumlu \u015fekilde kullan\u0131lmas\u0131n\u0131 kabul etmi\u015f olursunuz. E\u011fer \u00e7erezlerin bu \u015fekilde kullan\u0131lmas\u0131n\u0131 istemiyorsan\u0131z, taray\u0131c\u0131n\u0131z\u0131n ayarlar\u0131n\u0131 d\u00fczenlemeli veya \u015eirket\u2019in sitelerini kullanmamal\u0131s\u0131n\u0131z. Taray\u0131c\u0131 ayarlar\u0131ndan \u00e7erezleri silme i\u015flemini ger\u00e7ekle\u015ftirmeniz durumunda ilgili internet sitesindeki tercihleriniz silinecektir. Ayr\u0131ca, \u00e7erezleri tamamen engellemeniz durumunda ise \u015eirket\u2019in internet siteleri dahil olmak \u00fczere bir\u00e7ok internet sitesi d\u00fczg\u00fcn \u00e7al\u0131\u015fmayabilir.<\/p><p>Bu Politika, sitemize ula\u015fmak i\u00e7in kullanm\u0131\u015f oldu\u011funuz teknolojilere veya y\u00f6ntemlere ba\u011fl\u0131 olmaks\u0131z\u0131n uygulanmaktad\u0131r.<\/p><p><strong>\u00c7erez Nedir ve Hangi Ama\u00e7larla Kullan\u0131l\u0131r?<\/strong><\/p><p>\u00c7erez, ziyaret etmi\u015f oldu\u011funuz internet siteleri taraf\u0131ndan bilgisayar\u0131n\u0131zda tutulan dosyad\u0131r. \u00c7erezler bir internet sitesinin kullan\u0131c\u0131lar taraf\u0131ndan daha verimli kullan\u0131lmas\u0131n\u0131 ama\u00e7lar. Ki\u015fisel ihtiya\u00e7lar\u0131n\u0131za daha uygun ve h\u0131zl\u0131 bir ziyaret deneyimi ya\u015fatmak i\u00e7in ki\u015fiselle\u015ftirilmi\u015f internet sayfalar\u0131 sunulabilmesine olanak vermektedir. Bu dosyada internet sitesi gezintiniz ile ilgili bilgiler saklan\u0131r. Eri\u015fim sa\u011flad\u0131\u011f\u0131n\u0131z cihazlar\u0131n\u0131z internet sitesini tekrar kulland\u0131\u011f\u0131n\u0131zda dosya i\u00e7erisinde tutulan bilgiler sayesinde verilerinizi hat\u0131rlayacakt\u0131r. Dolay\u0131s\u0131yla \u00e7erezler, kullan\u0131c\u0131lar\u0131n internet sitelerini daha etkili ve kolay kullanabilmesi i\u00e7in gerekli ve \u00f6nemlidir. Ayr\u0131ca internet sitesinde ve \u00fc\u00e7\u00fcnc\u00fc ki\u015filerin internet sitelerinde size daha uygun hizmet, \u00fcr\u00fcn veya teklifler sunabilmemiz i\u00e7in \u00e7erezler kullan\u0131lmaktad\u0131r<\/p><p>Bu teknolojiler, internet sitemizi her ziyaretinizde eri\u015fim ve kullan\u0131m\u0131n\u0131z\u0131 g\u00f6steren bilgileri internet sitemiz taraf\u0131ndan otomatik olarak toplayan \u00e7e\u015fitli veri elde etme ara\u00e7lar\u0131 olabilece\u011fi gibi ayn\u0131 zamanda bizim ad\u0131m\u0131za ve hesab\u0131m\u0131za faaliyet g\u00f6steren \u00fc\u00e7\u00fcnc\u00fc ki\u015filer taraf\u0131ndan veri toplan\u0131rken de ilgili teknolojiler kullan\u0131labilir. Kulland\u0131\u011f\u0131m\u0131z bu teknolojiler, internet sitemizi geli\u015ftirmek, kullan\u0131\u015fl\u0131, etkili ve g\u00fcvenli hale getirmek amac\u0131yla kullan\u0131l\u0131r. Bu teknolojilere \u00f6rnek olarak; \u00e7erezler, flash \u00e7erezler ve analitik \u00e7erezler g\u00f6sterilebilir.<\/p><p><strong>\u00c7erezlerin Kullan\u0131lmas\u0131n\u0131n Temel Ama\u00e7lar\u0131<\/strong><\/p><ul><li>\u0130nternet sitesinin i\u015flevselli\u011fini ve performans\u0131n\u0131 artt\u0131rmak amac\u0131yla sizlere sunulan hizmetleri geli\u015ftirmek,<\/li><li>\u0130nternet sitesini iyile\u015ftirmek ve \u0130nternet sitesi \u00fczerinden yeni \u00f6zellikler sunmak ve sunulan \u00f6zellikleri sizlerin tercihlerine g\u00f6re ki\u015fiselle\u015ftirmek,<\/li><li>\u0130nternet sitesinin daha etkili kullan\u0131labilmesi i\u00e7in baz\u0131 istatistiki verilere ihtiya\u00e7 duyulmas\u0131,<\/li><li>Bulundu\u011funuz internet sitesine \u00f6zg\u00fc olarak tarama ve kullanma tercih ve al\u0131\u015fkanl\u0131klar\u0131n\u0131za ili\u015fkin bilgilerin toplanmas\u0131,<\/li><li>5651 say\u0131l\u0131 \u0130nternet Ortam\u0131nda Yap\u0131lan Yay\u0131nlar\u0131n D\u00fczenlenmesi ve Bu Yay\u0131nlar Yoluyla \u0130\u015flenen Su\u00e7larla M\u00fccadele Edilmesi Hakk\u0131nda Kanun ve Internet Ortam\u0131nda Yap\u0131lan Yay\u0131nlar\u0131n D\u00fczenlenmesine Dair Usul ve Esaslar Hakk\u0131nda Y\u00f6netmelik\u2019ten244kaynaklananlar ba\u015fta olmak \u00fczere, kanuni ve s\u00f6zle\u015fmesel y\u00fck\u00fcml\u00fcl\u00fcklerin yerine getirilebilmesi i\u00e7in IP adresiniz gibi ki\u015fisel verilerinize ihtiya\u00e7 duyulmas\u0131.<\/li><\/ul><p><strong>\u00c7erezlerle Hangi T\u00fcr Verilerinizi \u0130\u015fliyoruz?<\/strong><\/p><p>\u00c7erezleri a\u015fa\u011f\u0131daki ama\u00e7lar do\u011frultusunda kullanmaktay\u0131z:<\/p><ul><li>\u015eirket\u2019in sitelerinin kullan\u0131m\u0131n\u0131 kolayla\u015ft\u0131rmak ve \u00fcr\u00fcnlerimizi ilgi ve ihtiya\u00e7lar\u0131n\u0131z do\u011frultusunda daha iyi bir \u015fekilde \u00f6zelle\u015ftirmek,<\/li><li>\u015eirket\u2019in sitelerine ziyaretiniz s\u0131ras\u0131nda gezinti ve kullan\u0131m tercihlerinizi hat\u0131rlamak,<\/li><li>\u015eirket\u2019in internet sitesinin \u00e7e\u015fitli \u00f6zelliklerinin ve i\u015flevlerinin d\u00fczg\u00fcn bir \u015fekilde \u00e7al\u0131\u015fmas\u0131n\u0131 sa\u011flamak, \u015eirket\u2019in sitelerinin ziyaret\u00e7iler taraf\u0131ndan nas\u0131l kullan\u0131ld\u0131\u011f\u0131 hakk\u0131nda en \u00e7ok t\u0131klanan ba\u011flant\u0131lar, en \u00e7ok ziyaret edilen sayfalar, g\u00f6r\u00fcnt\u00fclenen hata mesaj\u0131 say\u0131s\u0131 gibi \u015fah\u0131s \u00f6zelinde olmayan, sitemiz ile ilgili genel bilgileri toplamak ve bu bilgileri analiz ederek hatal\u0131 sayfalar\u0131 i\u015fler hale getirmek, sitemizi geli\u015ftirmek, tercih edilmeyen sayfalar\u0131 kald\u0131rmak veya iyile\u015ftirmek,<\/li><li>\u00c7erezler arac\u0131l\u0131\u011f\u0131yla toplad\u0131\u011f\u0131m\u0131z veriler ile kimli\u011finizin belirlenmesi, size \u00f6zel profilleme yap\u0131lmas\u0131 veya site haricindeki internet sitelerindeki faaliyetlerinizin takibini sa\u011flamak.<\/li><\/ul><p>Bilgisayar\u0131n\u0131za y\u00fcklenen \u00e7erezler veya elde edilen bilgiler istatiksel analizler veya g\u00fcvenlik \u00f6nlemleri i\u00e7in kullan\u0131lmaktad\u0131r. Herhangi bir ki\u015fisel veriniz \u00e7erezler arac\u0131l\u0131\u011f\u0131 ile toplanmamaktad\u0131r.<\/p><p>\u00c7erezler bu Politika\u2019da belirtilen ama\u00e7lar d\u0131\u015f\u0131nda kullan\u0131lmamakta olup, t\u00fcm ilgili i\u015flemler 6698 say\u0131l\u0131 Ki\u015fisel Verilerin Korumas\u0131 Kanuna uygun olarak y\u00fcr\u00fct\u00fclmektedir.<\/p><p><strong>\u00c7erez Kategorileri<\/strong><\/p><p>\u00c7erezler \u00e7e\u015fitli \u015fekillerde s\u0131n\u0131fland\u0131r\u0131labilir:<\/p><table><thead><tr><td><p><strong>\u00c7erez T\u00fcr\u00fc<\/strong><\/p><\/td><td><p><strong>A\u00e7\u0131klama<\/strong><\/p><\/td><\/tr><\/thead><tbody><tr><td><p>Oturum \u00c7erezleri<\/p><\/td><td><p>Bu \u00e7erezler kullan\u0131c\u0131n\u0131n ziyaretini oturumlara ay\u0131rmak i\u00e7in kullan\u0131l\u0131r ve kullan\u0131c\u0131dan veri toplamaz. \u00c7erez, kullan\u0131c\u0131 ziyaret etti\u011fi internet sayfas\u0131n\u0131 kapatt\u0131\u011f\u0131nda veya belli bir s\u00fcre pasif kald\u0131\u011f\u0131nda silinir.<\/p><\/td><\/tr><tr><td><p>Kal\u0131c\u0131 \u00c7erezler<\/p><\/td><td><p>Bu \u00e7erezler taray\u0131c\u0131n\u0131zda saklanan ve taraf\u0131n\u0131zdan silininceye dek veya son kullan\u0131m tarihine kadar ge\u00e7erlili\u011fini koruyan \u00e7erezlerdir.<\/p><\/td><\/tr><tr><td><p>Zorunlu \u00c7erezler<\/p><\/td><td><p>Bu \u00e7erezler, \u0130nternet Sitesi\u2019nin d\u00fczg\u00fcn \u015fekilde \u00e7al\u0131\u015fmas\u0131 i\u00e7in mutlaka gerekli olan \u00e7erezlerdir. Bu \u00e7erezlere, sistemin y\u00f6netilebilmesi, sahte i\u015flemlerin \u00f6nlenmesi i\u00e7in ihtiya\u00e7 vard\u0131r ve engellenmesi halinde internet Sitesi \u00e7al\u0131\u015famayacakt\u0131r.<\/p><\/td><\/tr><tr><td><p>\u0130\u015flevsel ve Analitik \u00c7erezler<\/p><\/td><td><p>Tercihlerinizin hat\u0131rlanmas\u0131, internet sitesinin etkin \u015fekilde kullan\u0131lmas\u0131, sitenin isteklerinize cevap verecek \u015fekilde optimize edilmesi gibi ama\u00e7larla kullan\u0131lan ve siteyi nas\u0131l kulland\u0131\u011f\u0131n\u0131z hakk\u0131nda verileri i\u00e7eren \u00e7erezlerdir. Nitelikleri gere\u011fi bu t\u00fcrdeki \u00e7erezler ki\u015fisel verilerinizi i\u00e7erebilir. \u00d6rne\u011fin sitenin g\u00f6r\u00fcnt\u00fclenme dili tercihinizi kaydeden \u00e7erezler birer i\u015flevsel \u00e7erezdir.<\/p><p><br \/>Analitik \u00e7erezler ile internet sitesini ziyaret edenlerin say\u0131lar\u0131, internet sitesinde g\u00f6r\u00fcnt\u00fclenen sayfalar\u0131n tespiti, internet sitesi ziyaret saatleri, internet sitesi sayfalar\u0131 kayd\u0131rma hareketleri gibi analitik sonu\u00e7lar\u0131n \u00fcretimini sa\u011flayan \u00e7erezlerdir.<\/p><\/td><\/tr><tr><td><p>Takip \u00c7erezleri<\/p><\/td><td><p>Takip \u00e7erezleri internet sitemizi ve \u00fc\u00e7\u00fcnc\u00fc taraflara ait alan adlar\u0131n\u0131 ziyaretiniz s\u0131ras\u0131nda olu\u015fturulan birincil ve \u00fc\u00e7\u00fcnc\u00fc taraf \u00e7erezlerdir. Bu \u00e7erezler olu\u015fturulduklar\u0131 alan adlar\u0131ndaki t\u0131klama ve ziyaret ge\u00e7mi\u015finizin takibini ve farkl\u0131 alan adlar\u0131 aras\u0131nda bu kay\u0131tlar\u0131n e\u015flenmesini m\u00fcmk\u00fcn k\u0131lmaktad\u0131r. Bu t\u00fcr \u00e7erezler kullan\u0131c\u0131lar\u0131n tan\u0131nmas\u0131 ve profillenmesi, reklam ve pazarlama faaliyetlerinin hedeflenmesi ve i\u00e7eri\u011fin \u00f6zelle\u015ftirilmesi amac\u0131 ile kullan\u0131lmaktad\u0131r. Bu \u00e7erezler sizin kimli\u011finizi belirlemek veya \u015fahs\u0131n\u0131z \u00f6zelinde karar almak i\u00e7in kullan\u0131lmayacakt\u0131r.<\/p><\/td><\/tr><\/tbody><\/table><p><strong>\u00c7erezleri Nas\u0131l Kontrol Edebilirsiniz?<\/strong><\/p><p>\u00c7erezleri diledi\u011finiz gibi kontrol edebilir veya silebilirsiniz. Bilgisayar\u0131n\u0131zda halihaz\u0131rda bulunan \u00e7erezleri silebilir ve \u00e7o\u011fu Internet gezgininde \u00e7erez kaydedilmesini\/yerle\u015ftirilmesini engelleyebilirsiniz. Ancak \u00e7erezleri silmeniz ve ilerideki \u00e7erezlerin bilgisayar\u0131n\u0131za indirilmesini engellemeniz durumunda \u00f6zelliklerimizin baz\u0131lar\u0131na ula\u015famayaca\u011f\u0131n\u0131z\u0131 hat\u0131rlatmak isteriz.<\/p><p>\u00c7o\u011fu internet gezgini a\u015fa\u011f\u0131dakileri yapman\u0131za olanak tan\u0131r:<\/p><ul><li>Kaydedilmi\u015f \u00e7erezleri g\u00f6r\u00fcnt\u00fcleme ve dilediklerinizi silme.<\/li><li>\u00dc\u00e7\u00fcnc\u00fc taraf \u00e7erezleri engelleme.<\/li><li>Belli sitelerden \u00e7erezleri engelleme.<\/li><li>T\u00fcm \u00e7erezleri engelleme.<\/li><li>Internet gezginini kapatt\u0131\u011f\u0131n\u0131zda t\u00fcm \u00e7erezleri silme.<\/li><\/ul><p>A\u015fa\u011f\u0131da farkl\u0131 internet taray\u0131c\u0131lar\u0131 \u00fczerinden \u00e7erezlerin kullan\u0131lmas\u0131n\u0131 engellemek i\u00e7in hangi ad\u0131mlar\u0131n izlenmesi gerekti\u011fine ili\u015fkin bilgiler yer almaktad\u0131r:<\/p><ul><li><strong>Internet Explorer<\/strong><ul><li>Masa\u00fcst\u00fcn\u00fc a\u00e7\u0131n ve g\u00f6rev \u00e7ubu\u011funda Internet Explorer simgesine dokunun veya t\u0131klay\u0131n.<\/li><li>Ara\u00e7lar d\u00fc\u011fmesine ve \u0130nternet Se\u00e7enekleri\u2018ne dokunun veya t\u0131klay\u0131n.<\/li><li>Gizlilik sekmesine dokunun veya t\u0131klay\u0131n, ard\u0131ndan t\u00fcm tan\u0131mlama bilgilerini engellemek i\u00e7in Ayarlar\u2018\u0131n alt\u0131nda bulunan kayd\u0131r\u0131c\u0131y\u0131 yukar\u0131ya hareket ettirin ve Tamam d\u00fc\u011fmesine dokunun veya t\u0131klay\u0131n.<\/li><\/ul><\/li><li><strong>Google Chrome<\/strong><ul><li>Bilgisayar\u0131n\u0131zda Chrome\u2019u a\u00e7\u0131n.<\/li><li>Sa\u011f \u00fcstte Di\u011fer Ayarlar\u2019\u0131 t\u0131klay\u0131n.<\/li><li>Altta Geli\u015fmi\u015f\u2018i t\u0131klay\u0131n.<\/li><li>\u201cGizlilik ve G\u00fcvenlik\u201din alt\u0131nda \u0130\u00e7erik Ayarlar\u0131\u2018n\u0131 t\u0131klay\u0131n.<\/li><li>\u00c7erezler\u2018i t\u0131klay\u0131n.<\/li><li>T\u00fcm \u00e7erezler ve site verilerinin alt\u0131nda internet sitesinin ad\u0131n\u0131 aray\u0131n.<\/li><li>Sitenin sa\u011f\u0131ndaki Kald\u0131r simgesini t\u0131klay\u0131n.<\/li><\/ul><\/li><li><strong>Mozilla Firefox<\/strong><ul><li>Firefox Men\u00fc d\u00fc\u011fmesine t\u0131klay\u0131n ve Se\u00e7enekler\u2019i se\u00e7in.<\/li><li>Gizlilik ve G\u00fcvenlik panelini se\u00e7in ve Ge\u00e7mi\u015f b\u00f6l\u00fcm\u00fcne gidin.<\/li><li>Firefox ayar\u0131n\u0131 ge\u00e7mi\u015f i\u00e7in \u00f6zel ayarlar\u0131 kullans\u0131n olarak de\u011fi\u015ftirin.<\/li><li>\u00c7erezleri g\u00f6ster\u2026 d\u00fc\u011fmesine t\u0131klay\u0131n. \u00c7erezler penceresi g\u00f6r\u00fcnecektir.<\/li><li>Arama: alan\u0131na, \u00e7erezlerini silmek istedi\u011finiz sitenin ad\u0131n\u0131 yaz\u0131n. Araman\u0131zla e\u015fle\u015fen \u00e7erezler g\u00f6r\u00fcnt\u00fclenecektir.<\/li><li>Silmek istedi\u011finiz \u00e7erez(ler)i se\u00e7ip Se\u00e7ilenleri sil d\u00fc\u011fmesine t\u0131klay\u0131n.<\/li><li>Kapat d\u00fc\u011fmesine t\u0131klayarak \u00c7erezler penceresini kapat\u0131n. Sonra da about:preferences sayfas\u0131n\u0131 kapat\u0131n.<\/li><\/ul><\/li><li><strong>Safari<\/strong><ul><li>Safari &gt; Tercihler\u2019i se\u00e7in.<\/li><li>Gizlilik \u00f6\u011fesini t\u0131klay\u0131n.<\/li><li>\u0130nternet Sitesi Verilerini t\u0131klay\u0131n.<\/li><li>Bir veya daha fazla internet sitesi se\u00e7in ve sonra Sil veya T\u00fcm\u00fcn\u00fc Sil\u2019e t\u0131klay\u0131n.<\/li><\/ul><\/li><\/ul><p>\u00a0<\/p>\t\t\t\t\t\t<\/div>\n\t\t\t\t<\/div>\n\t\t\t\t\t<\/div>\n\t\t<\/div>\n\t\t\t\t\t<\/div>\n\t\t<\/section>\n\t\t\t\t<\/div>","protected":false},"excerpt":{"rendered":"<p>\u00c7erez Politikas\u0131 \u00c7erez Politikas\u0131 Bu \u00c7erez Politikas\u0131; MONGERLAB LLC. (bundan b\u00f6yle &#8220;MONGERLAB\u201d olarak an\u0131lacakt\u0131r)ad\u0131na y\u00fcr\u00fct\u00fclen t\u00fcm internet siteleri, \u00fc\u00e7\u00fcnc\u00fc parti platformlardaki markal\u0131 internet siteleri (Google, Facebook vb.) ve bu internet siteleri veya \u00fc\u00e7\u00fcnc\u00fc parti programlar \u00fczerinden eri\u015filen veya kullan\u0131lan uygulamalar i\u00e7in ge\u00e7erlidir. \u015eirket\u2019in sitelerini kullanarak \u00e7erezlerin bu \u00c7erez Politikas\u0131 ile uyumlu \u015fekilde kullan\u0131lmas\u0131n\u0131 kabul etmi\u015f [&hellip;]<\/p>","protected":false},"author":1,"featured_media":0,"parent":0,"menu_order":0,"comment_status":"closed","ping_status":"closed","template":"","meta":{"footnotes":""},"class_list":["post-1323","page","type-page","status-publish","hentry"],"_links":{"self":[{"href":"https:\/\/mongerlab.com\/en\/wp-json\/wp\/v2\/pages\/1323","targetHints":{"allow":["GET"]}}],"collection":[{"href":"https:\/\/mongerlab.com\/en\/wp-json\/wp\/v2\/pages"}],"about":[{"href":"https:\/\/mongerlab.com\/en\/wp-json\/wp\/v2\/types\/page"}],"author":[{"embeddable":true,"href":"https:\/\/mongerlab.com\/en\/wp-json\/wp\/v2\/users\/1"}],"replies":[{"embeddable":true,"href":"https:\/\/mongerlab.com\/en\/wp-json\/wp\/v2\/comments?post=1323"}],"version-history":[{"count":4,"href":"https:\/\/mongerlab.com\/en\/wp-json\/wp\/v2\/pages\/1323\/revisions"}],"predecessor-version":[{"id":1327,"href":"https:\/\/mongerlab.com\/en\/wp-json\/wp\/v2\/pages\/1323\/revisions\/1327"}],"wp:attachment":[{"href":"https:\/\/mongerlab.com\/en\/wp-json\/wp\/v2\/media?parent=1323"}],"curies":[{"name":"wp","href":"https:\/\/api.w.org\/{rel}","templated":true}]}}