{"id":867,"date":"2025-06-27T09:57:02","date_gmt":"2025-06-27T06:57:02","guid":{"rendered":"https:\/\/test.mongerlab.com\/?page_id=867"},"modified":"2025-06-27T10:26:53","modified_gmt":"2025-06-27T07:26:53","slug":"pricelab","status":"publish","type":"page","link":"https:\/\/mongerlab.com\/en\/pricelab\/","title":{"rendered":"PriceLab"},"content":{"rendered":"<div data-elementor-type=\"wp-page\" data-elementor-id=\"867\" class=\"elementor elementor-867\">\n\t\t\t\t\t\t<section class=\"elementor-section elementor-top-section elementor-element elementor-element-bdf6211 elementor-section-content-middle elementor-section-boxed elementor-section-height-default elementor-section-height-default\" data-id=\"bdf6211\" data-element_type=\"section\">\n\t\t\t\t\t\t<div class=\"elementor-container elementor-column-gap-no\">\n\t\t\t\t\t<div class=\"aux-parallax-section elementor-column elementor-col-50 elementor-top-column elementor-element elementor-element-637bfb3\" data-id=\"637bfb3\" data-element_type=\"column\">\n\t\t\t<div class=\"elementor-widget-wrap elementor-element-populated\">\n\t\t\t\t\t\t<div class=\"elementor-element elementor-element-0e1163a aux-appear-watch-animation aux-fade-in-right elementor-widget elementor-widget-aux_modern_heading\" data-id=\"0e1163a\" data-element_type=\"widget\" data-widget_type=\"aux_modern_heading.default\">\n\t\t\t\t<div class=\"elementor-widget-container\">\n\t\t\t<section class=\"aux-widget-modern-heading\">\n            <div class=\"aux-widget-inner\"><h2 class=\"aux-modern-heading-primary\"><\/h2><h3 class=\"aux-modern-heading-secondary\"><span class=\"aux-head-before\">Price<\/span><span class=\"aux-head-highlight\">Lab<\/span><\/h3><\/div>\n        <\/section>\t\t<\/div>\n\t\t\t\t<\/div>\n\t\t\t\t<section class=\"elementor-section elementor-inner-section elementor-element elementor-element-a78c759 elementor-section-boxed elementor-section-height-default elementor-section-height-default\" data-id=\"a78c759\" data-element_type=\"section\">\n\t\t\t\t\t\t<div class=\"elementor-container elementor-column-gap-no\">\n\t\t\t\t\t<div class=\"aux-parallax-section elementor-column elementor-col-100 elementor-inner-column elementor-element elementor-element-581e35e aux-appear-watch-animation aux-fade-in-up-1\" data-id=\"581e35e\" data-element_type=\"column\">\n\t\t\t<div class=\"elementor-widget-wrap elementor-element-populated\">\n\t\t\t\t\t\t<div class=\"elementor-element elementor-element-0f287fe elementor-widget__width-auto elementor-widget elementor-widget-aux_modern_heading\" data-id=\"0f287fe\" data-element_type=\"widget\" data-widget_type=\"aux_modern_heading.default\">\n\t\t\t\t<div class=\"elementor-widget-container\">\n\t\t\t<section class=\"aux-widget-modern-heading\">\n            <div class=\"aux-widget-inner\"><h2 class=\"aux-modern-heading-primary\"><\/h2><div class=\"aux-modern-heading-description\"><p>Powered by AI, PriceLab analyzes market dynamics in real time and always keeps your products within a competitive price range.<br \/>By monitoring competitors\u2019 pricing strategies in real time, it sets the most suitable prices based on the rule you entered for your store.<\/p><p><br \/>Thus, your products\u2019 sales potential reaches its maximum level.<br \/>It quickly adapts to market changes and gives you a serious advantage in boosting your sales volume.<\/p><p><br \/>As a result, PriceLab keeps you ahead of the competition and increases your sales efficiently.<\/p><\/div><\/div>\n        <\/section>\t\t<\/div>\n\t\t\t\t<\/div>\n\t\t\t\t\t<\/div>\n\t\t<\/div>\n\t\t\t\t\t<\/div>\n\t\t<\/section>\n\t\t\t\t<div class=\"elementor-element elementor-element-89797fb elementor-widget elementor-widget-aux_modern_button\" data-id=\"89797fb\" data-element_type=\"widget\" data-widget_type=\"aux_modern_button.default\">\n\t\t\t\t<div class=\"elementor-widget-container\">\n\t\t\t    <div class=\"aux-modern-button-wrapper aux-modern-button-align-left\" >\n                    <a class=\"aux-modern-button aux-black aux-modern-button-md aux-modern-button-curve aux-modern-button-default aux-icon-\" href=\"https:\/\/mongerlab.com\/en\/mongerlab-yazilim-mulakat-formu\/\">\n                <div class=\"aux-overlay\"><\/div>\n                                <div class=\"aux-text\">\n<span class=\"aux-text-before\">Sign Up Now<\/span>                <\/div>\n            <\/a>\n            \n    <\/div>\n\n    \t\t<\/div>\n\t\t\t\t<\/div>\n\t\t\t\t\t<\/div>\n\t\t<\/div>\n\t\t\t\t<div class=\"aux-parallax-section elementor-column elementor-col-50 elementor-top-column elementor-element elementor-element-03e3a70\" data-id=\"03e3a70\" data-element_type=\"column\">\n\t\t\t<div class=\"elementor-widget-wrap elementor-element-populated\">\n\t\t\t\t\t\t<div class=\"elementor-element elementor-element-8620ab8 aux-appear-watch-animation aux-mask-from-left elementor-widget elementor-widget-aux_image\" data-id=\"8620ab8\" data-element_type=\"widget\" data-widget_type=\"aux_image.default\">\n\t\t\t\t<div class=\"elementor-widget-container\">\n\t\t\t<section class=\"widget-container aux-widget-image aux-alignnone aux-parent-au10a5b427\">\n    <div class=\"aux-media-hint-frame\">\n        <div class=\"aux-media-image\" >\n        \n            \n\n            \n            <img fetchpriority=\"high\" decoding=\"async\" width=\"1024\" height=\"928\" src=\"https:\/\/mongerlab.com\/wp-content\/uploads\/2025\/06\/price-lab-1024x928.png\" class=\"aux-attachment aux-featured-image aux-attachment-id-1415\" alt=\"price lab\" srcset=\"https:\/\/mongerlab.com\/wp-content\/uploads\/2025\/06\/price-lab-150x150.png 150w,https:\/\/mongerlab.com\/wp-content\/uploads\/2025\/06\/price-lab-300x300.png 300w,https:\/\/mongerlab.com\/wp-content\/uploads\/2025\/06\/price-lab-768x768.png 768w,https:\/\/mongerlab.com\/wp-content\/uploads\/2025\/06\/price-lab-1024x928.png 1024w,https:\/\/mongerlab.com\/wp-content\/uploads\/2025\/06\/price-lab-1024x928.png 1024w\" data-ratio=\"1\" data-original-w=\"1052\" sizes=\"(max-width:479px) 480px,(max-width:767px) 768px,(max-width:1023px) 1024px,1024px\" \/>            \n                <\/div>\n    <\/div>\n\n<\/section><!-- widget-container -->\t\t<\/div>\n\t\t\t\t<\/div>\n\t\t\t\t\t<\/div>\n\t\t<\/div>\n\t\t\t\t\t<\/div>\n\t\t<\/section>\n\t\t\t\t<\/div>","protected":false},"excerpt":{"rendered":"<p>PriceLab PriceLab, yapay zeka deste\u011fiyle pazar\u0131n dinamiklerini anl\u0131k olarak analiz eder ve \u00fcr\u00fcnlerinizi her zaman rekabet\u00e7i bir fiyat aral\u0131\u011f\u0131nda tutar.Rakip sat\u0131c\u0131lar\u0131n fiyatland\u0131rma stratejilerini ger\u00e7ek zamanl\u0131 izleyerek ma\u011fazan\u0131z i\u00e7in girdi\u011finiz kurala g\u00f6re en uygun fiyatlar\u0131 belirler. Bu sayede \u00fcr\u00fcnlerinizin sat\u0131\u015f potansiyeli maksimum seviyeye ula\u015f\u0131r.Piyasa ko\u015fullar\u0131ndaki de\u011fi\u015fimlere h\u0131zla adapte olur ve sat\u0131\u015f hacminizi art\u0131rman\u0131z i\u00e7in size ciddi [&hellip;]<\/p>","protected":false},"author":1,"featured_media":0,"parent":0,"menu_order":0,"comment_status":"closed","ping_status":"closed","template":"templates\/page-builder-content.php","meta":{"footnotes":""},"class_list":["post-867","page","type-page","status-publish","hentry"],"_links":{"self":[{"href":"https:\/\/mongerlab.com\/en\/wp-json\/wp\/v2\/pages\/867","targetHints":{"allow":["GET"]}}],"collection":[{"href":"https:\/\/mongerlab.com\/en\/wp-json\/wp\/v2\/pages"}],"about":[{"href":"https:\/\/mongerlab.com\/en\/wp-json\/wp\/v2\/types\/page"}],"author":[{"embeddable":true,"href":"https:\/\/mongerlab.com\/en\/wp-json\/wp\/v2\/users\/1"}],"replies":[{"embeddable":true,"href":"https:\/\/mongerlab.com\/en\/wp-json\/wp\/v2\/comments?post=867"}],"version-history":[{"count":29,"href":"https:\/\/mongerlab.com\/en\/wp-json\/wp\/v2\/pages\/867\/revisions"}],"predecessor-version":[{"id":1427,"href":"https:\/\/mongerlab.com\/en\/wp-json\/wp\/v2\/pages\/867\/revisions\/1427"}],"wp:attachment":[{"href":"https:\/\/mongerlab.com\/en\/wp-json\/wp\/v2\/media?parent=867"}],"curies":[{"name":"wp","href":"https:\/\/api.w.org\/{rel}","templated":true}]}}